{"id":128,"date":"2023-10-24T09:05:45","date_gmt":"2023-10-24T15:05:45","guid":{"rendered":"https:\/\/mindtune.livebuilder.net\/jjwp\/?page_id=128"},"modified":"2025-08-14T19:43:47","modified_gmt":"2025-08-15T01:43:47","slug":"about-mindtune","status":"publish","type":"page","link":"https:\/\/mindtunenow.com\/pt\/about-mindtune\/","title":{"rendered":"Sobre N\u00f3s"},"content":{"rendered":"<h2>\n\t\tSobre a Mindtune\n\t<\/h2>\n\t<h2>O que come\u00e7ou como uma jornada pessoal em busca de confian\u00e7a e felicidade evoluiu para uma filosofia que agora capacita milhares de pessoas ao redor do mundo.<\/h2>\n\t\t\t<a href=\"https:\/\/mindtunenow.com\/pt\/schedule-now\/\" target=\"_self\">\n\t\t\t\t\t\t\tComece agora.\n\t\t\t\t\t<\/a>\n<h2>\n\t\tO que voc\u00ea ouviu sobre a Mindtune? \n\t<\/h2>\n\t<p>Na Mindtune, nossa miss\u00e3o \u00e9 abrir caminho para indiv\u00edduos positivos e orientados ao crescimento maximizarem suas contribui\u00e7\u00f5es positivas para o mundo. Silenciamos o ru\u00eddo mental, acessando n\u00edveis elevados e mais aut\u00eanticos do pensamento. Prometemos uma realiza\u00e7\u00e3o profunda e autoconhecimento profundo \u00e0 medida que voc\u00ea remodela h\u00e1bitos internos e alinha seu comportamento com seus objetivos finais.<\/p>\n<h2>\n\t\tLa Filosof\u00eda de Mindtune\n\t<\/h2>\n\t<p>Quando voc\u00ea identifica o que realmente deseja, descobre seus objetivos reais e tra\u00e7a um caminho para orientar sua jornada.<\/p>\n<p>Quando voc\u00ea elimina pensamentos n\u00e3o importantes em sua mente, sua singularidade emerge \u00e0 superf\u00edcie para que voc\u00ea possa v\u00ea-la claramente.<\/p>\n<p>Quando voc\u00ea navega na incerteza e constr\u00f3i confian\u00e7a interna, aprende a acreditar em si mesmo, sem depender da aprova\u00e7\u00e3o externa. Transforma o seu pr\u00f3prio mundo externo.<\/p>\n<p>Quando voc\u00ea mant\u00e9m intencionalmente sua mente clara e calma, voc\u00ea consegue acessar ideias pr\u00e1ticas, princ\u00edpios e ferramentas para avan\u00e7ar em sua jornada.<\/p>\n<p>Quando voc\u00ea vive inspirado por um prop\u00f3sito maior, focado em fazer uma diferen\u00e7a positiva na vida dos outros, naturalmente se sente mais feliz e realizado. Voc\u00ea vive uma vida com prop\u00f3sito, ajudando os outros, e encontra uma alegria mais profunda ao longo do caminho.<\/p>\n<h2 class=\" translation-block\">Revolutionize seu mundo atrav\u00e9s do poder da sua mente<\/h2>\n\t<p>At Mindtune, we don&#8217;t just believe in the power of your mind; we know it&#8217;s THE key to revolutionizing your reality. Our mission is clear: we guide you to elevate your thoughts, dive deep into your most authentic desires and reshape your world from its very foundation. This isn&#8217;t surface-level change. By making adjustments at the root, you will witness profound shifts in every aspect of your life. From your professional journey to personal relationships, the impact of harnessing your mind&#8217;s full potential is unparalleled. With us, it&#8217;s not about hoping for a brighter future-it&#8217;s about creating it.<\/p>\n\t\t\t<a href=\"https:\/\/mindtunenow.com\/pt\/schedule-now\/\" target=\"_self\">\n\t\t\t\t\t\t\tComece agora.\n\t\t\t\t\t<\/a>\n\t\t\t\t<img decoding=\"async\" src=\"https:\/\/mindtunenow.com\/jjwp\/wp-content\/plugins\/bb-plugin\/img\/pixel.png\" alt=\"\" itemprop=\"image\" onerror=\"this.style.display='none'\"  \/>\n\t\t\t\t<img loading=\"lazy\" decoding=\"async\" src=\"https:\/\/mindtunenow.com\/jjwp\/wp-content\/uploads\/2023\/12\/Group-623.png\" alt=\"Marco Lopez, CEO of Mindtune\" itemprop=\"image\" height=\"1004\" width=\"892\" title=\"Marco in teardrop\" onerror=\"this.style.display='none'\"  \/>\n<h2>\n\t\t Apresentando Marco Lopez<br \/>Fundador e Presidente da Mindtune\n\t<\/h2>\n\t<p>I am Marco Lopez. I believe that every person, regardless of their background or upbringing, has unique gifts and qualities that can be accessed, developed and expressed with the help of Mindset Training. I worked for years in the pursuit of money over purpose, slowly drifting from the sources of my true joy. Despite pressure to conform to others&#8217; expectations, I finally prioritized listening to what I REALLY wanted. I left my &#8220;golden handcuffs,&#8221; seeking a role more in harmony with my sense of personal mission. What began as a personal endeavor quickly evolved into Mindtune. Learning to listen to my true, authentic self was the best professional choice I ever made. <\/p>\n\t\t\t<a href=\"https:\/\/mindtunenow.com\/pt\/about-mindtune\/\" target=\"_self\">\n\t\t\t\t\t\t\tSaber Mais\n\t\t\t\t\t<\/a>\n<h2>\n\t\tConselho de Mentores da Mindtune\n\t<\/h2>\n\t\t\t\t<img loading=\"lazy\" decoding=\"async\" src=\"https:\/\/mindtunenow.com\/jjwp\/wp-content\/uploads\/2023\/11\/Mask-Group-38.png\" alt=\"Mask Group 38\" itemprop=\"image\" height=\"219\" width=\"219\" title=\"Mask Group 38\" onerror=\"this.style.display='none'\"  \/>\n<h3>\n\t\tALFONSO LOPEZ<br \/> Co-Founder &#038; Mental Clarity Specialist\n\t<\/h3>\n\t<p>Alfonso Lopez is the original architect behind many of Mindtune&#8217;s core teachings. With a Master&#8217;s from BYU and an experience teaching at the University of Texas, he later took his work global-coaching and writing across Africa, Dubai, Spain, and England. A lifelong student of human capacity, Al co-founded Mindtune alongside his son Marco, contributing the foundational methods for achieving stillness, clarity, and doubling mental performance.<\/p>\n\t\t\t\t<img loading=\"lazy\" decoding=\"async\" src=\"https:\/\/mindtunenow.com\/jjwp\/wp-content\/uploads\/2023\/11\/Mask-Group-40.png\" alt=\"Mask Group 40\" itemprop=\"image\" height=\"219\" width=\"219\" title=\"Mask Group 40\" onerror=\"this.style.display='none'\"  \/>\n<h3>\n\t\tKirt M. Olson <br \/><\/h3><h3> Guia Atrav\u00e9s de Escritos de Legado<\/h3>\n\t\n\t<p>Kirt M. Olson penned principles that profoundly shaped his life and subsequently inspired his grandson, Marco Lopez. This larger-than-life hero was particularly instrumental in serving the people of Latin America, inspired by a profound love he had for them, even though he wasn&#8217;t of their culture.\u00a0 Among many other projects, Kirt brought the song, &#8220;Go My Son,&#8221; into being, which has inspired millions of people throughout the world.\u00a0 You&#8217;ll find Kirt&#8217;s ideas woven throughout Mindtune&#8217;s philosophy and content.<\/p>\n\t\t\t\t<img loading=\"lazy\" decoding=\"async\" src=\"https:\/\/mindtunenow.com\/jjwp\/wp-content\/uploads\/2023\/12\/isolated_tablet_laptop_and_smartphone_composition.png\" alt=\"What you get from a Mindtune Coaching\" itemprop=\"image\" height=\"573\" width=\"880\" title=\"isolated_tablet_laptop_and_smartphone_composition\" onerror=\"this.style.display='none'\"  \/>\n<h2>\n\t\tProgramas Inovadores\n\t<\/h2>\n\t<p>Nossos programas destacados para grupos e indiv\u00edduos cultivam a serenidade mental e ensinam aos nossos clientes a abra\u00e7ar seu potencial m\u00e1ximo. Juntos, superamos barreiras mentais, vencemos cren\u00e7as limitantes e praticamos estrat\u00e9gias mentais que impulsionam o sucesso e resultados inovadores.<\/p>\n<h2>\n\t\tCoaching Empresarial Individual\n\t<\/h2>\n\t<p>A Mindtune oferece sess\u00f5es individuais de coaching virtuais semanais ou mensais, workshops presenciais e concertos de palestras para ajudar voc\u00ea a definir o que REALMENTE deseja e desenvolver as habilidades pr\u00e1ticas para se manter focado.\u00a0<\/p>\n\t\t\t<a href=\"https:\/\/mindtunenow.com\/pt\/one-on-one-business-coaching\/\" target=\"_self\">\n\t\t\t\t\t\t\tSaber Mais\n\t\t\t\t\t<\/a>\n<h2>\n\t\tCoaching em Grupo\n\t<\/h2>\n\t<p>A Mindtune oferece uma experi\u00eancia de transforma\u00e7\u00e3o de 24 semanas: retiros internacionais, coaching online e eventos ao vivo, concertos de palestras e suporte cont\u00ednuo de mentores emp\u00e1ticos e amigos.<\/p>\n\t\t\t<a href=\"https:\/\/mindtunenow.com\/pt\/group-business-coaching\/\" target=\"_self\">\n\t\t\t\t\t\t\tSaber Mais\n\t\t\t\t\t<\/a>\n<h2>\n\t\tConcertos Palestrantes\n\t<\/h2>\n\t<p>Espere uma combina\u00e7\u00e3o \u00fanica de m\u00fasica e mensagens inspiradoras apresentadas por Marco L\u00f3pez, o fundador da Mindtune. Essas jornadas emocionalmente impactantes refor\u00e7am nossos princ\u00edpios fundamentais, entret\u00eam e despertam novos n\u00edveis de autoconsci\u00eancia.<\/p>\n\t\t\t<a href=\"https:\/\/mindtunenow.com\/pt\/schedule-now\/\" target=\"_self\">\n\t\t\t\t\t\t\tSaber Mais\n\t\t\t\t\t<\/a>\n<h2>\n\t\tOficina de 2 Dias\n\t<\/h2>\n\t<p>In two days, experience collective learning and transformative insights for improved results and self-awareness. Generally held at our headquarters in Utah Valley, UT, these workshops provide a concentrated exploration of Mindtune&#8217;s teachings.<\/p>\n\t\t\t<a href=\"https:\/\/mindtunenow.com\/pt\/schedule-now\/\" target=\"_self\">\n\t\t\t\t\t\t\tSaber Mais\n\t\t\t\t\t<\/a>\n<h2>\n\t\tMindtune impacta milhares<br \/>de pessoas todos os anos\n\t<\/h2>\n\t<p>Mindtune&#8217;s founder, Marco Lopez, leaves an indelible mark on audiences, both in person, and on digital platforms across the world. He engages business leaders with timeless mindfulness principles anchored in simple, practical application. Click on the links to experience business coaching that transcends traditional boundaries.<\/p>\n\t\t\t\t<a href=\"https:\/\/youtu.be\/qXvpt0tM9pU?si=vwCtZET7zyBnDmx6\" target=\"_blank\" rel=\"noopener\"  itemprop=\"url\">\n\t\t\t\t<img loading=\"lazy\" decoding=\"async\" src=\"https:\/\/mindtunenow.com\/jjwp\/wp-content\/uploads\/2023\/12\/LifeAfterAddictionPodcastBetter.png\" alt=\"LifeAfterAddictionPodcastBetter\" itemprop=\"image\" height=\"484\" width=\"866\" title=\"LifeAfterAddictionPodcastBetter\" onerror=\"this.style.display='none'\"  \/>\n\t\t\t\t<\/a>\n\t\t\t\t<a href=\"https:\/\/youtu.be\/Nq-F2Bs1pK4?si=AAwYQyCwJKvmGLk6\" target=\"_blank\" rel=\"noopener\"  itemprop=\"url\">\n\t\t\t\t<img loading=\"lazy\" decoding=\"async\" src=\"https:\/\/mindtunenow.com\/jjwp\/wp-content\/uploads\/2023\/12\/MettleMentalityPodcastMarco.png\" alt=\"Mettle Mentality Podcast\" itemprop=\"image\" height=\"408\" width=\"722\" title=\"MettleMentalityPodcastMarco\" onerror=\"this.style.display='none'\"  \/>\n\t\t\t\t<\/a>\n\t\t\t\t<a href=\"https:\/\/www.youtube.com\/watch?si=AzXD6lVBEMbl6G5H&#038;v=6gKPdr0zHfY&#038;feature=youtu.be\" target=\"_blank\" rel=\"noopener\"  itemprop=\"url\">\n\t\t\t\t<img loading=\"lazy\" decoding=\"async\" src=\"https:\/\/mindtunenow.com\/jjwp\/wp-content\/uploads\/2023\/12\/TechMomsPodcastMarco.png\" alt=\"Tech Mom Podcast\" itemprop=\"image\" height=\"487\" width=\"865\" title=\"TechMomsPodcastMarco\" onerror=\"this.style.display='none'\"  \/>\n\t\t\t\t<\/a>\n\t\t\t\t<a href=\"https:\/\/www.youtube.com\/live\/SE4cyZQEiu0?si=-Iz9JWG7vm2h0WCB\" target=\"_blank\" rel=\"noopener\"  itemprop=\"url\">\n\t\t\t\t<img loading=\"lazy\" decoding=\"async\" src=\"https:\/\/mindtunenow.com\/jjwp\/wp-content\/uploads\/2023\/12\/4KeystoUnlockYourMindforRealEstate.png\" alt=\"4 Keys to Unlock Your Mind for Success\" itemprop=\"image\" height=\"720\" width=\"1078\" title=\"4KeystoUnlockYourMindforRealEstate\" onerror=\"this.style.display='none'\"  \/>\n\t\t\t\t<\/a>\n<h2>\n\t\tPreguntas Frecuentes\n\t<\/h2>\n\t\t\t\t\t\t<h5>O que \u00e9 a Mindtune e como ela se diferencia de outras empresas de treinamento empresarial?<\/h5>\n\t\t\tMindtune is a high-level mindset training company that helps people step beyond their stagnant trajectories by restoring clear and capable minds. Mindtune works with individuals at a root level, improving every result in their lives. It helps individuals reconnect with their authenticity, which often fades in adulthood due to tension, anxiety, and unnecessary thoughts. Unlike other schools of thought that often add to mental noise, Mindtune&#8217;s priority is to help clients access mental calmness, opening the door to their most capable selves.\n\t\t\t\t\t\t<h5>Quais servi\u00e7os espec\u00edficos a Mindtune oferece?<\/h5>\n\t\t\tA Mindtune oferece coaching individual, coaching em grupo, retiros internacionais, coaching online, workshops empresariais ao vivo e concertos magistrais. Esses servi\u00e7os t\u00eam como objetivo ajudar os clientes a definir o que realmente desejam e desenvolver habilidades pr\u00e1ticas para viver em harmonia com essas aspira\u00e7\u00f5es em seus n\u00edveis mais elevados de capacidade.\n\t\t\t\t\t\t<h5>Como a Mindtune pode me ajudar a me libertar emocionalmente e a silenciar o ru\u00eddo mental?<\/h5>\n\t\t\tA Mindtune mostrar\u00e1 aos clientes como limpar a neblina em suas mentes e reconectar com seu eu mais verdadeiro, possibilitando uma melhor express\u00e3o de sua singularidade. Ajuda a se libertar das press\u00f5es externas negativas, fornecendo ferramentas e t\u00e9cnicas para manter uma mente tranquila e capaz, o que garante n\u00edveis mais elevados de desempenho pessoal e profissional.\n\t\t\t\t\t\t<h5>Qual \u00e9 a abordagem S.O.N.G. e como ela ajuda na transforma\u00e7\u00e3o pessoal e profissional?<\/h5>\n\t\t\tThe S.O.N.G. formula is Mindtune&#8217;s unique big-picture strategy that brings together core connections for quieting mental noise (Self, Others, Now, and Greater Purpose). This approach guarantees unique expression, contribution, and overall expansion, both personally and professionally, helping clients rise above uncertainty and access forward-moving solutions.\n\t\t\t\t\t\t<h5>O que envolve o seu coaching em grupo e como \u00e9 estruturado?<\/h5>\n\t\t\tO coaching em grupo da Mindtune \u00e9 uma jornada de empoderamento de 24 semanas, aumentando a autoconsci\u00eancia e a capacidade geral. Orientados por um coach de mentalidade elite, de 6 a 8 participantes com mentalidades afins trabalham para mudar seus mundos e impactar positivamente outros atrav\u00e9s de sua singularidade. O programa inclui sess\u00f5es semanais de Zoom de 75 minutos, estudo e a\u00e7\u00e3o di\u00e1rios, intera\u00e7\u00f5es individuais e uma experi\u00eancia culminante no M\u00e9xico, focando em Self, Others, Now e Greater Purpose.\n\t\t\t\t\t\t<h5>How accessible and affordable are Mindtune&#8217;s courses and services?<\/h5>\n\t\t\tMindtune&#8217;s training programs vary in price, with options from free to premium levels. The most accessible and affordable way to experience Mindtune is through a Keynote concert.\n\t\t\t\t\t\t<h5>\"Quem \u00e9 o cliente ideal para a Mindtune e quais s\u00e3o suas caracter\u00edsticas t\u00edpicas?<\/h5>\n\t\t\t\"O cliente ideal para a Mindtune \u00e9 algu\u00e9m ansioso por alcan\u00e7ar resultados al\u00e9m de sua experi\u00eancia atual, de mente aberta e disposto a implementar sugest\u00f5es para a mudan\u00e7a.","protected":false},"excerpt":{"rendered":"<p>About Mindtune What began as a personal journey to find confidence and happiness evolved into a philosophy that now empowers thousands all over the world. Begin Now! What Have You Heard About Mindtune? At Mindtune, our mission is to pave the way for good, growth-oriented individuals to maximize their positive contributions to the world. We&hellip;<\/p>","protected":false},"author":1,"featured_media":0,"parent":0,"menu_order":0,"comment_status":"closed","ping_status":"closed","template":"","meta":{"_monsterinsights_skip_tracking":false,"_monsterinsights_sitenote_active":false,"_monsterinsights_sitenote_note":"","_monsterinsights_sitenote_category":0,"footnotes":""},"class_list":["post-128","page","type-page","status-publish","hentry"],"yoast_head":"<!-- This site is optimized with the Yoast SEO plugin v22.8 - https:\/\/yoast.com\/wordpress\/plugins\/seo\/ -->\n<title>Learn about Mindtune: its inception and philosophy | Mindtune<\/title>\n<meta name=\"description\" content=\"Learn about Mindtune, a business coaching network that empowers individuals worldwide to positively impact their world. Call (801)636-5713.\" \/>\n<meta name=\"robots\" content=\"index, follow, max-snippet:-1, max-image-preview:large, max-video-preview:-1\" \/>\n<link rel=\"canonical\" href=\"https:\/\/mindtunenow.com\/pt\/about-mindtune\/\" \/>\n<meta property=\"og:locale\" content=\"pt_BR\" \/>\n<meta property=\"og:type\" content=\"article\" \/>\n<meta property=\"og:title\" content=\"Learn about Mindtune: its inception and philosophy | Mindtune\" \/>\n<meta property=\"og:description\" content=\"Learn about Mindtune, a business coaching network that empowers individuals worldwide to positively impact their world. Call (801)636-5713.\" \/>\n<meta property=\"og:url\" content=\"https:\/\/mindtunenow.com\/pt\/about-mindtune\/\" \/>\n<meta property=\"og:site_name\" content=\"Mindtune\" \/>\n<meta property=\"article:publisher\" content=\"https:\/\/www.facebook.com\/mindtunenow\" \/>\n<meta property=\"article:modified_time\" content=\"2025-08-15T01:43:47+00:00\" \/>\n<meta property=\"og:image\" content=\"https:\/\/mindtunenow.com\/jjwp\/wp-content\/plugins\/bb-plugin\/img\/pixel.png\" \/>\n<meta name=\"twitter:card\" content=\"summary_large_image\" \/>\n<meta name=\"twitter:label1\" content=\"Est. tempo de leitura\" \/>\n\t<meta name=\"twitter:data1\" content=\"16 minutos\" \/>\n<script type=\"application\/ld+json\" class=\"yoast-schema-graph\">{\"@context\":\"https:\/\/schema.org\",\"@graph\":[{\"@type\":\"WebPage\",\"@id\":\"https:\/\/mindtunenow.com\/about-mindtune\/\",\"url\":\"https:\/\/mindtunenow.com\/about-mindtune\/\",\"name\":\"Learn about Mindtune: its inception and philosophy | Mindtune\",\"isPartOf\":{\"@id\":\"https:\/\/mindtunenow.com\/#website\"},\"primaryImageOfPage\":{\"@id\":\"https:\/\/mindtunenow.com\/about-mindtune\/#primaryimage\"},\"image\":{\"@id\":\"https:\/\/mindtunenow.com\/about-mindtune\/#primaryimage\"},\"thumbnailUrl\":\"https:\/\/mindtunenow.com\/jjwp\/wp-content\/plugins\/bb-plugin\/img\/pixel.png\",\"datePublished\":\"2023-10-24T15:05:45+00:00\",\"dateModified\":\"2025-08-15T01:43:47+00:00\",\"description\":\"Learn about Mindtune, a business coaching network that empowers individuals worldwide to positively impact their world. Call (801)636-5713.\",\"breadcrumb\":{\"@id\":\"https:\/\/mindtunenow.com\/about-mindtune\/#breadcrumb\"},\"inLanguage\":\"pt-BR\",\"potentialAction\":[{\"@type\":\"ReadAction\",\"target\":[\"https:\/\/mindtunenow.com\/about-mindtune\/\"]}]},{\"@type\":\"ImageObject\",\"inLanguage\":\"pt-BR\",\"@id\":\"https:\/\/mindtunenow.com\/about-mindtune\/#primaryimage\",\"url\":\"https:\/\/mindtunenow.com\/jjwp\/wp-content\/plugins\/bb-plugin\/img\/pixel.png\",\"contentUrl\":\"https:\/\/mindtunenow.com\/jjwp\/wp-content\/plugins\/bb-plugin\/img\/pixel.png\"},{\"@type\":\"BreadcrumbList\",\"@id\":\"https:\/\/mindtunenow.com\/about-mindtune\/#breadcrumb\",\"itemListElement\":[{\"@type\":\"ListItem\",\"position\":1,\"name\":\"Home\",\"item\":\"https:\/\/mindtunenow.com\/\"},{\"@type\":\"ListItem\",\"position\":2,\"name\":\"About Us\"}]},{\"@type\":\"WebSite\",\"@id\":\"https:\/\/mindtunenow.com\/#website\",\"url\":\"https:\/\/mindtunenow.com\/\",\"name\":\"Mindtune\",\"description\":\"Quiet Your Mental Critic. Reconnect To Your TRUE Self.\",\"publisher\":{\"@id\":\"https:\/\/mindtunenow.com\/#organization\"},\"potentialAction\":[{\"@type\":\"SearchAction\",\"target\":{\"@type\":\"EntryPoint\",\"urlTemplate\":\"https:\/\/mindtunenow.com\/?s={search_term_string}\"},\"query-input\":\"required name=search_term_string\"}],\"inLanguage\":\"pt-BR\"},{\"@type\":\"Organization\",\"@id\":\"https:\/\/mindtunenow.com\/#organization\",\"name\":\"Mindtune\",\"url\":\"https:\/\/mindtunenow.com\/\",\"logo\":{\"@type\":\"ImageObject\",\"inLanguage\":\"pt-BR\",\"@id\":\"https:\/\/mindtunenow.com\/#\/schema\/logo\/image\/\",\"url\":\"https:\/\/mindtunenow.com\/jjwp\/wp-content\/uploads\/2023\/12\/Group-623.png\",\"contentUrl\":\"https:\/\/mindtunenow.com\/jjwp\/wp-content\/uploads\/2023\/12\/Group-623.png\",\"width\":892,\"height\":1004,\"caption\":\"Mindtune\"},\"image\":{\"@id\":\"https:\/\/mindtunenow.com\/#\/schema\/logo\/image\/\"},\"sameAs\":[\"https:\/\/www.facebook.com\/mindtunenow\",\"https:\/\/www.youtube.com\/@mindtunenow\",\"https:\/\/www.instagram.com\/marcoallopez\",\"https:\/\/www.linkedin.com\/in\/entrepreneur-mindset-coach\/\"]}]}<\/script>\n<!-- \/ Yoast SEO plugin. -->","yoast_head_json":{"title":"Learn about Mindtune: its inception and philosophy | Mindtune","description":"Learn about Mindtune, a business coaching network that empowers individuals worldwide to positively impact their world. Call (801)636-5713.","robots":{"index":"index","follow":"follow","max-snippet":"max-snippet:-1","max-image-preview":"max-image-preview:large","max-video-preview":"max-video-preview:-1"},"canonical":"https:\/\/mindtunenow.com\/pt\/about-mindtune\/","og_locale":"pt_BR","og_type":"article","og_title":"Learn about Mindtune: its inception and philosophy | Mindtune","og_description":"Learn about Mindtune, a business coaching network that empowers individuals worldwide to positively impact their world. Call (801)636-5713.","og_url":"https:\/\/mindtunenow.com\/pt\/about-mindtune\/","og_site_name":"Mindtune","article_publisher":"https:\/\/www.facebook.com\/mindtunenow","article_modified_time":"2025-08-15T01:43:47+00:00","og_image":[{"url":"https:\/\/mindtunenow.com\/jjwp\/wp-content\/plugins\/bb-plugin\/img\/pixel.png"}],"twitter_card":"summary_large_image","twitter_misc":{"Est. tempo de leitura":"16 minutos"},"schema":{"@context":"https:\/\/schema.org","@graph":[{"@type":"WebPage","@id":"https:\/\/mindtunenow.com\/about-mindtune\/","url":"https:\/\/mindtunenow.com\/about-mindtune\/","name":"Learn about Mindtune: its inception and philosophy | Mindtune","isPartOf":{"@id":"https:\/\/mindtunenow.com\/#website"},"primaryImageOfPage":{"@id":"https:\/\/mindtunenow.com\/about-mindtune\/#primaryimage"},"image":{"@id":"https:\/\/mindtunenow.com\/about-mindtune\/#primaryimage"},"thumbnailUrl":"https:\/\/mindtunenow.com\/jjwp\/wp-content\/plugins\/bb-plugin\/img\/pixel.png","datePublished":"2023-10-24T15:05:45+00:00","dateModified":"2025-08-15T01:43:47+00:00","description":"Learn about Mindtune, a business coaching network that empowers individuals worldwide to positively impact their world. Call (801)636-5713.","breadcrumb":{"@id":"https:\/\/mindtunenow.com\/about-mindtune\/#breadcrumb"},"inLanguage":"pt-BR","potentialAction":[{"@type":"ReadAction","target":["https:\/\/mindtunenow.com\/about-mindtune\/"]}]},{"@type":"ImageObject","inLanguage":"pt-BR","@id":"https:\/\/mindtunenow.com\/about-mindtune\/#primaryimage","url":"https:\/\/mindtunenow.com\/jjwp\/wp-content\/plugins\/bb-plugin\/img\/pixel.png","contentUrl":"https:\/\/mindtunenow.com\/jjwp\/wp-content\/plugins\/bb-plugin\/img\/pixel.png"},{"@type":"BreadcrumbList","@id":"https:\/\/mindtunenow.com\/about-mindtune\/#breadcrumb","itemListElement":[{"@type":"ListItem","position":1,"name":"Home","item":"https:\/\/mindtunenow.com\/"},{"@type":"ListItem","position":2,"name":"About Us"}]},{"@type":"WebSite","@id":"https:\/\/mindtunenow.com\/#website","url":"https:\/\/mindtunenow.com\/","name":"Mindtune","description":"Quiet Your Mental Critic. Reconnect To Your TRUE Self.","publisher":{"@id":"https:\/\/mindtunenow.com\/#organization"},"potentialAction":[{"@type":"SearchAction","target":{"@type":"EntryPoint","urlTemplate":"https:\/\/mindtunenow.com\/?s={search_term_string}"},"query-input":"required name=search_term_string"}],"inLanguage":"pt-BR"},{"@type":"Organization","@id":"https:\/\/mindtunenow.com\/#organization","name":"Mindtune","url":"https:\/\/mindtunenow.com\/","logo":{"@type":"ImageObject","inLanguage":"pt-BR","@id":"https:\/\/mindtunenow.com\/#\/schema\/logo\/image\/","url":"https:\/\/mindtunenow.com\/jjwp\/wp-content\/uploads\/2023\/12\/Group-623.png","contentUrl":"https:\/\/mindtunenow.com\/jjwp\/wp-content\/uploads\/2023\/12\/Group-623.png","width":892,"height":1004,"caption":"Mindtune"},"image":{"@id":"https:\/\/mindtunenow.com\/#\/schema\/logo\/image\/"},"sameAs":["https:\/\/www.facebook.com\/mindtunenow","https:\/\/www.youtube.com\/@mindtunenow","https:\/\/www.instagram.com\/marcoallopez","https:\/\/www.linkedin.com\/in\/entrepreneur-mindset-coach\/"]}]}},"_links":{"self":[{"href":"https:\/\/mindtunenow.com\/pt\/wp-json\/wp\/v2\/pages\/128","targetHints":{"allow":["GET"]}}],"collection":[{"href":"https:\/\/mindtunenow.com\/pt\/wp-json\/wp\/v2\/pages"}],"about":[{"href":"https:\/\/mindtunenow.com\/pt\/wp-json\/wp\/v2\/types\/page"}],"author":[{"embeddable":true,"href":"https:\/\/mindtunenow.com\/pt\/wp-json\/wp\/v2\/users\/1"}],"replies":[{"embeddable":true,"href":"https:\/\/mindtunenow.com\/pt\/wp-json\/wp\/v2\/comments?post=128"}],"version-history":[{"count":39,"href":"https:\/\/mindtunenow.com\/pt\/wp-json\/wp\/v2\/pages\/128\/revisions"}],"predecessor-version":[{"id":727,"href":"https:\/\/mindtunenow.com\/pt\/wp-json\/wp\/v2\/pages\/128\/revisions\/727"}],"wp:attachment":[{"href":"https:\/\/mindtunenow.com\/pt\/wp-json\/wp\/v2\/media?parent=128"}],"curies":[{"name":"wp","href":"https:\/\/api.w.org\/{rel}","templated":true}]}}