{"id":106,"date":"2023-10-23T11:52:20","date_gmt":"2023-10-23T17:52:20","guid":{"rendered":"https:\/\/mindtune.livebuilder.net\/jjwp\/?page_id=106"},"modified":"2023-12-08T09:33:15","modified_gmt":"2023-12-08T16:33:15","slug":"group-business-coaching","status":"publish","type":"page","link":"https:\/\/mindtunenow.com\/pt\/group-business-coaching\/","title":{"rendered":"Coaching Empresarial em Grupo"},"content":{"rendered":"<h1>\n\t\tCoaching Empresarial em Grupo\n\t<\/h1>\n\t<h2>Neste programa de 24 semanas, voc\u00ea se conectar\u00e1 a empreendedores com mentalidade semelhante para aprimorar o foco, clareza, confian\u00e7a e felicidade.<\/h2>\n\t\t\t<a href=\"https:\/\/mindtunenow.com\/pt\/schedule-now\/\" target=\"_self\" rel=\"noopener\">\n\t\t\t\t\t\t\tComece agora.\n\t\t\t\t\t<\/a>\n<h2>\n\t\tCoaching Empresarial em Grupo <br \/>Mostra uma maneira mais f\u00e1cil de:\n\t<\/h2>\n\t<ul>\n<li aria-level=\"1\">Defina o que voc\u00ea realmente QUER. Identifique o que te impede.<\/li>\n<li aria-level=\"1\">Domine seu cr\u00edtico mental e explore seu verdadeiro potencial.<\/li>\n<li aria-level=\"1\">Conecte-se com SEU prop\u00f3sito maior.<\/li>\n<li aria-level=\"1\">Set &#8220;impossible&#8221; goals and achieve them all.<\/li>\n<li aria-level=\"1\">Discover the power YOU hold for YOUR life&#8217;s happiness.<\/li>\n<\/ul>\n<h2>\n\t\tO que voc\u00ea aprender\u00e1 a dominar?\n\t<\/h2>\n<h3>\n\t\tFoco\n\t<\/h3>\n\t<p>Identifique seus desejos genu\u00ednos e canalize sua energia para eles. Reconhe\u00e7a e assuma o controle do seu poder para moldar seu destino. <\/p>\n<h3>\n\t\tClareza\n\t<\/h3>\n\t<p>Mantenha-se calmo, relaxado e altamente capaz enquanto persegue objetivos muito al\u00e9m de sua realidade externa atual, permitindo que voc\u00ea maximize sua capacidade geral.<\/p>\n<h3>\n\t\tConfian\u00e7a\n\t<\/h3>\n\t<p>Acesse a confian\u00e7a de dentro para fora. Reduza sua depend\u00eancia de circunst\u00e2ncias externas e valida\u00e7\u00f5es, desenvolvendo consist\u00eancia em seus resultados.\u00a0 <\/p>\n<h3>\n\t\tFelicidade\n\t<\/h3>\n\t<p>Compreenda e pratique uma f\u00f3rmula repet\u00edvel que leva a <i>felicidade genu\u00edna<\/i> e <i>realiza\u00e7\u00e3o<\/i>Maximize os resultados tanto nos neg\u00f3cios quanto na vida. <\/p>\n\t\t\t\t<img loading=\"lazy\" decoding=\"async\" src=\"https:\/\/mindtunenow.com\/jjwp\/wp-content\/uploads\/2023\/12\/Group-623.png\" alt=\"Marco Lopez, CEO of Mindtune\" itemprop=\"image\" height=\"1004\" width=\"892\" title=\"Marco in teardrop\" onerror=\"this.style.display='none'\"  \/>\n<h2>\n\t\tMarco Lopez: <br \/>Um l\u00edder lutando nas trincheiras\n\t<\/h2>\n\t<p>Throughout my life, I folded to outside pressure to conform to someone else&#8217;s expectations. The mental noise, depression and anxiety swelled into a permanent fog. In my 20&#8217;s, for the sake of my mental health, I started learning to quiet external influences and listen to what I felt was right for me. I made bold moves in my career that made others shake their heads, but those turned out to be the best moves for my long term success. Learning to listen to my higher self was the most valuable investment of time and energy I ever made. Because of the changes I&#8217;ve witnessed in my life, I feel compelled to help others do the same.<\/p>\n\t\t\t<a href=\"https:\/\/mindtunenow.com\/pt\/about-mindtune\/\" target=\"_self\" rel=\"noopener\">\n\t\t\t\t\t\t\tSaber Mais\n\t\t\t\t\t<\/a>\n<h2>\n\t\tO Que Posso Esperar?\n\t<\/h2>\n\t<p>Mindtune invites you to kickstart a new version of YOU with an in-person retreat. A new beginning. There, you&#8217;ll meet mentors who provide guided instruction and connect with supportive friends as you begin to develop new habits. For 24 weeks, you&#8217;ll delve into dynamic group coaching calls\u00a0 complemented by a library of online tools and resources. This is your personal journey to expand your awareness and unveil hidden truths about yourself! This adventure culminates with a four-day retreat in Chiapas, Mexico, where you and your close-knit group apply everything you&#8217;ve learned about creating your greatest results in the midst of uncertainty.\u00a0<\/p>\n\t\t\t<a href=\"https:\/\/mindtunenow.com\/pt\/schedule-now\/\" target=\"_self\" rel=\"noopener\">\n\t\t\t\t\t\t\tComece agora.\n\t\t\t\t\t<\/a>\n\t\t\t\t<img loading=\"lazy\" decoding=\"async\" src=\"https:\/\/mindtunenow.com\/jjwp\/wp-content\/uploads\/2023\/12\/isolated_tablet_laptop_and_smartphone_composition.png\" alt=\"What you get from a Mindtune Coaching\" itemprop=\"image\" height=\"573\" width=\"880\" title=\"isolated_tablet_laptop_and_smartphone_composition\" onerror=\"this.style.display='none'\"  \/>\n<h2>\n\t\tCurr\u00edculo de Mindtune \n\t<\/h2>\n<h2>\n\t\tFoco\n\t<\/h2>\n\t<p>Antes de poder alcan\u00e7ar, voc\u00ea precisa saber o que deseja alcan\u00e7ar. Ao lan\u00e7ar as bases com aspira\u00e7\u00f5es genu\u00ednas, voc\u00ea inicia uma jornada com um destino claro.<\/p>\n<p>&nbsp;<\/p>\n<img decoding=\"async\" src=\"https:\/\/mindtunenow.com\/jjwp\/wp-content\/uploads\/2023\/11\/Icon-awesome-check-circle.png\" alt=\"Checkmark\" \/> Defina o que voc\u00ea realmente quer.<br \/>\n<img decoding=\"async\" src=\"https:\/\/mindtunenow.com\/jjwp\/wp-content\/uploads\/2023\/11\/Icon-awesome-check-circle.png\" alt=\"Checkmark\" \/> Receba as ferramentas para ajud\u00e1-lo a ter sucesso<br \/>\n<img decoding=\"async\" src=\"https:\/\/mindtunenow.com\/jjwp\/wp-content\/uploads\/2023\/11\/Icon-awesome-check-circle.png\" alt=\"Checkmark\" \/> Estabele\u00e7a metas oce\u00e2nicas e metas de marcos.<br \/>\n<img decoding=\"async\" src=\"https:\/\/mindtunenow.com\/jjwp\/wp-content\/uploads\/2023\/11\/Icon-awesome-check-circle.png\" alt=\"Checkmark\" \/> Crie o roteiro do seu eu superior.\n<h2>\n\t\t Clareza\n\t<\/h2>\n\t<p>Esta se\u00e7\u00e3o te equipa com ferramentas para manter uma mente tranquila. Ao fazer isso, voc\u00ea acessa n\u00edveis inigual\u00e1veis de insight, garantindo que cada decis\u00e3o seja informada e cada passo tenha um prop\u00f3sito.<\/p>\n<img decoding=\"async\" src=\"https:\/\/mindtunenow.com\/jjwp\/wp-content\/uploads\/2023\/11\/Icon-awesome-check-circle.png\" alt=\"Checkmark\" \/> Aprenda a alavancar o poder do seu subconsciente.<br \/>\n<img decoding=\"async\" src=\"https:\/\/mindtunenow.com\/jjwp\/wp-content\/uploads\/2023\/11\/Icon-awesome-check-circle.png\" alt=\"Checkmark\" \/> Experimente como tudo na sua vida melhora.<br \/>\n<img decoding=\"async\" src=\"https:\/\/mindtunenow.com\/jjwp\/wp-content\/uploads\/2023\/11\/Icon-awesome-check-circle.png\" alt=\"Checkmark\" \/> Aprenda a chave para estar presente.<br \/>\n<img decoding=\"async\" src=\"https:\/\/mindtunenow.com\/jjwp\/wp-content\/uploads\/2023\/11\/Icon-awesome-check-circle.png\" alt=\"Checkmark\" \/> Aprenda a viver a partir de um patamar mais elevado.\n<h2>\n\t\tConfian\u00e7a\n\t<\/h2>\n\t<p>&nbsp;Esta se\u00e7\u00e3o enfatiza uma verdade fundamental: VOC\u00ca \u00e9 o arquiteto do seu destino. Ao depender mais do seu poder inato, voc\u00ea aprende a moldar suas circunst\u00e2ncias externas de dentro para fora.&nbsp;<\/p>\n<p>&nbsp;<\/p>\n<img decoding=\"async\" src=\"https:\/\/mindtunenow.com\/jjwp\/wp-content\/uploads\/2023\/11\/Icon-awesome-check-circle.png\" alt=\"Checkmark\" \/> Identifique e substitua os conceitos falsos que est\u00e3o impedindo o seu progresso.<br \/><img decoding=\"async\" src=\"https:\/\/mindtunenow.com\/jjwp\/wp-content\/uploads\/2023\/11\/Icon-awesome-check-circle.png\" alt=\"Checkmark\" \/> Aprenda a lidar com seus dem\u00f4nios e mudar sua frequ\u00eancia.<br \/><img decoding=\"async\" src=\"https:\/\/mindtunenow.com\/jjwp\/wp-content\/uploads\/2023\/11\/Icon-awesome-check-circle.png\" alt=\"Checkmark\" \/> Conecte-se a um prop\u00f3sito maior como seu ponto de apoio.<br \/><img decoding=\"async\" src=\"https:\/\/mindtunenow.com\/jjwp\/wp-content\/uploads\/2023\/11\/Icon-awesome-check-circle.png\" alt=\"Checkmark\" \/> Aprenda a tocar levemente tudo o mais.\n<h2>\n\t\tFelicidade\n\t<\/h2>\n\t<p>The happiness segment isn&#8217;t a new lesson; it&#8217;s a realization of the principles you&#8217;ve embodied throughout your journey. You learn to repeat the process of unearthing profound self-discoveries and authentic joy.<\/p>\n<p>&nbsp;<\/p>\n<img decoding=\"async\" src=\"https:\/\/mindtunenow.com\/jjwp\/wp-content\/uploads\/2023\/11\/Icon-awesome-check-circle.png\" alt=\"Checkmark\" \/> Aprenda o Segredo da Felicidade<br \/>\n<img decoding=\"async\" src=\"https:\/\/mindtunenow.com\/jjwp\/wp-content\/uploads\/2023\/11\/Icon-awesome-check-circle.png\" alt=\"Checkmark\" \/> Aprenda a usar e aplicar consistentemente a f\u00f3rmula S.O.N.G. para os seus melhores resultados.<br \/>\n<img decoding=\"async\" src=\"https:\/\/mindtunenow.com\/jjwp\/wp-content\/uploads\/2023\/11\/Icon-awesome-check-circle.png\" alt=\"Checkmark\" \/> Descubra um novo n\u00edvel de controle que voc\u00ea sempre tem<br \/>\n<img decoding=\"async\" src=\"https:\/\/mindtunenow.com\/jjwp\/wp-content\/uploads\/2023\/11\/Icon-awesome-check-circle.png\" alt=\"Checkmark\" \/> Aprenda e experimente o poder de Para e Atrav\u00e9s\n\t\t\t\t<img loading=\"lazy\" decoding=\"async\" src=\"https:\/\/mindtunenow.com\/jjwp\/wp-content\/uploads\/2023\/12\/Mask-Group-68.png\" alt=\"Marco Lopez presenting to a group\" itemprop=\"image\" height=\"916\" width=\"559\" title=\"Mask Group 68\" onerror=\"this.style.display='none'\"  \/>\n<h2>\n\t\tO que est\u00e1 inclu\u00eddo no Coaching Empresarial em Grupo?\n\t<\/h2>\n\t<p><b>Sess\u00f5es Semanais de Coaching em Grupo<\/b><\/p>\n<p>You won&#8217;t want to miss these.\u00a0 Every coaching session is a step forward on your transformative journey, unlocking unparalleled growth and potential with the support of like-minded achievers. Join us and experience the change.<\/p>\n<b><br \/>\nCoaching Empresarial em Grupo de Inova\u00e7\u00e3o e Excel\u00eancia Estrat\u00e9gica (24 semanas)<\/b>\n<p>Experience deep transformation with the support and structure of our flagship online course. Over six months, under the guidance of a dedicated guide, you&#8217;ll apply Mindtune&#8217;s methodology across diverse life and business scenarios to achieve your transformation.<\/p>\n<p>&nbsp;<\/p>\n<p><b>A Experi\u00eancia em Chiapas, M\u00e9xico (4 dias)<\/b><\/p>\n<p>Embarque em uma jornada intensiva de 4 dias em Chiapas, M\u00e9xico (opcional). Essa experi\u00eancia imersiva, enriquecida pela nossa metodologia \u00fanica, promove insights profundos e v\u00ednculos entre os participantes, por meio de uma plataforma que colocar\u00e1 em pr\u00e1tica tudo o que foi aprendido ao longo do curso.<\/p>\n<p>\u00a0<\/p>\n\t\t\t<a href=\"https:\/\/mindtunenow.com\/pt\/schedule-now\/\" target=\"_self\" rel=\"noopener\">\n\t\t\t\t\t\t\tComece agora.\n\t\t\t\t\t<\/a>\n<h2>\n\t\tN\u00e3o Tem Certeza por Onde Come\u00e7ar?\n\t<\/h2>\n\t<p>We can even help with that! Let&#8217;s find some time to connect. Together, we&#8217;ll look at all the options within the Mindtune network and find the best fit for you and your lifestyle. We&#8217;ll hold your hand as you feel out the next right step to discovering a happier, more mindful life.\u00a0<\/p>\n\t\t\t<a href=\"https:\/\/mindtunenow.com\/pt\/schedule-now\/\" target=\"_self\" rel=\"noopener\">\n\t\t\t\t\t\t\tComece agora.\n\t\t\t\t\t<\/a>","protected":false},"excerpt":{"rendered":"<p>Group Business Coaching In this 24-week program, you will connect with like-minded entrepreneurs to improve focus, clarity, confidence and happiness. Begin Now! Group Business Coaching Shows You An Easier Way To: Define what you really WANT. Identify what holds you back. Tame your mental critic and tap into your TRUE potential. Connect with YOUR higher&hellip;<\/p>","protected":false},"author":1,"featured_media":0,"parent":0,"menu_order":0,"comment_status":"closed","ping_status":"closed","template":"","meta":{"_monsterinsights_skip_tracking":false,"_monsterinsights_sitenote_active":false,"_monsterinsights_sitenote_note":"","_monsterinsights_sitenote_category":0,"footnotes":""},"class_list":["post-106","page","type-page","status-publish","hentry"],"yoast_head":"<!-- This site is optimized with the Yoast SEO plugin v22.8 - https:\/\/yoast.com\/wordpress\/plugins\/seo\/ -->\n<title>Group Business Coaching - Mindtune<\/title>\n<meta name=\"description\" content=\"Train your mind. Improve your results. Rise to the next level with group business coaching. Contact Mindtune at (801)636-5713.\" \/>\n<meta name=\"robots\" content=\"index, follow, max-snippet:-1, max-image-preview:large, max-video-preview:-1\" \/>\n<link rel=\"canonical\" href=\"https:\/\/mindtunenow.com\/pt\/group-business-coaching\/\" \/>\n<meta property=\"og:locale\" content=\"pt_BR\" \/>\n<meta property=\"og:type\" content=\"article\" \/>\n<meta property=\"og:title\" content=\"Group Business Coaching - Mindtune\" \/>\n<meta property=\"og:description\" content=\"Train your mind. Improve your results. Rise to the next level with group business coaching. Contact Mindtune at (801)636-5713.\" \/>\n<meta property=\"og:url\" content=\"https:\/\/mindtunenow.com\/pt\/group-business-coaching\/\" \/>\n<meta property=\"og:site_name\" content=\"Mindtune\" \/>\n<meta property=\"article:publisher\" content=\"https:\/\/www.facebook.com\/mindtunenow\" \/>\n<meta property=\"article:modified_time\" content=\"2023-12-08T16:33:15+00:00\" \/>\n<meta property=\"og:image\" content=\"https:\/\/mindtunenow.com\/jjwp\/wp-content\/uploads\/2023\/12\/Group-623.png\" \/>\n<meta name=\"twitter:card\" content=\"summary_large_image\" \/>\n<script type=\"application\/ld+json\" class=\"yoast-schema-graph\">{\"@context\":\"https:\/\/schema.org\",\"@graph\":[{\"@type\":\"WebPage\",\"@id\":\"https:\/\/mindtunenow.com\/group-business-coaching\/\",\"url\":\"https:\/\/mindtunenow.com\/group-business-coaching\/\",\"name\":\"Group Business Coaching - Mindtune\",\"isPartOf\":{\"@id\":\"https:\/\/mindtunenow.com\/#website\"},\"primaryImageOfPage\":{\"@id\":\"https:\/\/mindtunenow.com\/group-business-coaching\/#primaryimage\"},\"image\":{\"@id\":\"https:\/\/mindtunenow.com\/group-business-coaching\/#primaryimage\"},\"thumbnailUrl\":\"https:\/\/mindtunenow.com\/jjwp\/wp-content\/uploads\/2023\/12\/Group-623.png\",\"datePublished\":\"2023-10-23T17:52:20+00:00\",\"dateModified\":\"2023-12-08T16:33:15+00:00\",\"description\":\"Train your mind. Improve your results. Rise to the next level with group business coaching. Contact Mindtune at (801)636-5713.\",\"breadcrumb\":{\"@id\":\"https:\/\/mindtunenow.com\/group-business-coaching\/#breadcrumb\"},\"inLanguage\":\"pt-BR\",\"potentialAction\":[{\"@type\":\"ReadAction\",\"target\":[\"https:\/\/mindtunenow.com\/group-business-coaching\/\"]}]},{\"@type\":\"ImageObject\",\"inLanguage\":\"pt-BR\",\"@id\":\"https:\/\/mindtunenow.com\/group-business-coaching\/#primaryimage\",\"url\":\"https:\/\/mindtunenow.com\/jjwp\/wp-content\/uploads\/2023\/12\/Group-623.png\",\"contentUrl\":\"https:\/\/mindtunenow.com\/jjwp\/wp-content\/uploads\/2023\/12\/Group-623.png\"},{\"@type\":\"BreadcrumbList\",\"@id\":\"https:\/\/mindtunenow.com\/group-business-coaching\/#breadcrumb\",\"itemListElement\":[{\"@type\":\"ListItem\",\"position\":1,\"name\":\"Home\",\"item\":\"https:\/\/mindtunenow.com\/\"},{\"@type\":\"ListItem\",\"position\":2,\"name\":\"Group Business Coaching\"}]},{\"@type\":\"WebSite\",\"@id\":\"https:\/\/mindtunenow.com\/#website\",\"url\":\"https:\/\/mindtunenow.com\/\",\"name\":\"Mindtune\",\"description\":\"Quiet Your Mental Critic. Reconnect To Your TRUE Self.\",\"publisher\":{\"@id\":\"https:\/\/mindtunenow.com\/#organization\"},\"potentialAction\":[{\"@type\":\"SearchAction\",\"target\":{\"@type\":\"EntryPoint\",\"urlTemplate\":\"https:\/\/mindtunenow.com\/?s={search_term_string}\"},\"query-input\":\"required name=search_term_string\"}],\"inLanguage\":\"pt-BR\"},{\"@type\":\"Organization\",\"@id\":\"https:\/\/mindtunenow.com\/#organization\",\"name\":\"Mindtune\",\"url\":\"https:\/\/mindtunenow.com\/\",\"logo\":{\"@type\":\"ImageObject\",\"inLanguage\":\"pt-BR\",\"@id\":\"https:\/\/mindtunenow.com\/#\/schema\/logo\/image\/\",\"url\":\"https:\/\/mindtunenow.com\/jjwp\/wp-content\/uploads\/2023\/12\/Group-623.png\",\"contentUrl\":\"https:\/\/mindtunenow.com\/jjwp\/wp-content\/uploads\/2023\/12\/Group-623.png\",\"width\":892,\"height\":1004,\"caption\":\"Mindtune\"},\"image\":{\"@id\":\"https:\/\/mindtunenow.com\/#\/schema\/logo\/image\/\"},\"sameAs\":[\"https:\/\/www.facebook.com\/mindtunenow\",\"https:\/\/www.youtube.com\/@mindtunenow\",\"https:\/\/www.instagram.com\/marcoallopez\",\"https:\/\/www.linkedin.com\/in\/entrepreneur-mindset-coach\/\"]}]}<\/script>\n<!-- \/ Yoast SEO plugin. -->","yoast_head_json":{"title":"Group Business Coaching - Mindtune","description":"Train your mind. Improve your results. Rise to the next level with group business coaching. Contact Mindtune at (801)636-5713.","robots":{"index":"index","follow":"follow","max-snippet":"max-snippet:-1","max-image-preview":"max-image-preview:large","max-video-preview":"max-video-preview:-1"},"canonical":"https:\/\/mindtunenow.com\/pt\/group-business-coaching\/","og_locale":"pt_BR","og_type":"article","og_title":"Group Business Coaching - Mindtune","og_description":"Train your mind. Improve your results. Rise to the next level with group business coaching. Contact Mindtune at (801)636-5713.","og_url":"https:\/\/mindtunenow.com\/pt\/group-business-coaching\/","og_site_name":"Mindtune","article_publisher":"https:\/\/www.facebook.com\/mindtunenow","article_modified_time":"2023-12-08T16:33:15+00:00","og_image":[{"url":"https:\/\/mindtunenow.com\/jjwp\/wp-content\/uploads\/2023\/12\/Group-623.png"}],"twitter_card":"summary_large_image","schema":{"@context":"https:\/\/schema.org","@graph":[{"@type":"WebPage","@id":"https:\/\/mindtunenow.com\/group-business-coaching\/","url":"https:\/\/mindtunenow.com\/group-business-coaching\/","name":"Group Business Coaching - Mindtune","isPartOf":{"@id":"https:\/\/mindtunenow.com\/#website"},"primaryImageOfPage":{"@id":"https:\/\/mindtunenow.com\/group-business-coaching\/#primaryimage"},"image":{"@id":"https:\/\/mindtunenow.com\/group-business-coaching\/#primaryimage"},"thumbnailUrl":"https:\/\/mindtunenow.com\/jjwp\/wp-content\/uploads\/2023\/12\/Group-623.png","datePublished":"2023-10-23T17:52:20+00:00","dateModified":"2023-12-08T16:33:15+00:00","description":"Train your mind. Improve your results. Rise to the next level with group business coaching. Contact Mindtune at (801)636-5713.","breadcrumb":{"@id":"https:\/\/mindtunenow.com\/group-business-coaching\/#breadcrumb"},"inLanguage":"pt-BR","potentialAction":[{"@type":"ReadAction","target":["https:\/\/mindtunenow.com\/group-business-coaching\/"]}]},{"@type":"ImageObject","inLanguage":"pt-BR","@id":"https:\/\/mindtunenow.com\/group-business-coaching\/#primaryimage","url":"https:\/\/mindtunenow.com\/jjwp\/wp-content\/uploads\/2023\/12\/Group-623.png","contentUrl":"https:\/\/mindtunenow.com\/jjwp\/wp-content\/uploads\/2023\/12\/Group-623.png"},{"@type":"BreadcrumbList","@id":"https:\/\/mindtunenow.com\/group-business-coaching\/#breadcrumb","itemListElement":[{"@type":"ListItem","position":1,"name":"Home","item":"https:\/\/mindtunenow.com\/"},{"@type":"ListItem","position":2,"name":"Group Business Coaching"}]},{"@type":"WebSite","@id":"https:\/\/mindtunenow.com\/#website","url":"https:\/\/mindtunenow.com\/","name":"Mindtune","description":"Quiet Your Mental Critic. Reconnect To Your TRUE Self.","publisher":{"@id":"https:\/\/mindtunenow.com\/#organization"},"potentialAction":[{"@type":"SearchAction","target":{"@type":"EntryPoint","urlTemplate":"https:\/\/mindtunenow.com\/?s={search_term_string}"},"query-input":"required name=search_term_string"}],"inLanguage":"pt-BR"},{"@type":"Organization","@id":"https:\/\/mindtunenow.com\/#organization","name":"Mindtune","url":"https:\/\/mindtunenow.com\/","logo":{"@type":"ImageObject","inLanguage":"pt-BR","@id":"https:\/\/mindtunenow.com\/#\/schema\/logo\/image\/","url":"https:\/\/mindtunenow.com\/jjwp\/wp-content\/uploads\/2023\/12\/Group-623.png","contentUrl":"https:\/\/mindtunenow.com\/jjwp\/wp-content\/uploads\/2023\/12\/Group-623.png","width":892,"height":1004,"caption":"Mindtune"},"image":{"@id":"https:\/\/mindtunenow.com\/#\/schema\/logo\/image\/"},"sameAs":["https:\/\/www.facebook.com\/mindtunenow","https:\/\/www.youtube.com\/@mindtunenow","https:\/\/www.instagram.com\/marcoallopez","https:\/\/www.linkedin.com\/in\/entrepreneur-mindset-coach\/"]}]}},"_links":{"self":[{"href":"https:\/\/mindtunenow.com\/pt\/wp-json\/wp\/v2\/pages\/106","targetHints":{"allow":["GET"]}}],"collection":[{"href":"https:\/\/mindtunenow.com\/pt\/wp-json\/wp\/v2\/pages"}],"about":[{"href":"https:\/\/mindtunenow.com\/pt\/wp-json\/wp\/v2\/types\/page"}],"author":[{"embeddable":true,"href":"https:\/\/mindtunenow.com\/pt\/wp-json\/wp\/v2\/users\/1"}],"replies":[{"embeddable":true,"href":"https:\/\/mindtunenow.com\/pt\/wp-json\/wp\/v2\/comments?post=106"}],"version-history":[{"count":55,"href":"https:\/\/mindtunenow.com\/pt\/wp-json\/wp\/v2\/pages\/106\/revisions"}],"predecessor-version":[{"id":634,"href":"https:\/\/mindtunenow.com\/pt\/wp-json\/wp\/v2\/pages\/106\/revisions\/634"}],"wp:attachment":[{"href":"https:\/\/mindtunenow.com\/pt\/wp-json\/wp\/v2\/media?parent=106"}],"curies":[{"name":"wp","href":"https:\/\/api.w.org\/{rel}","templated":true}]}}