{"id":128,"date":"2023-10-24T09:05:45","date_gmt":"2023-10-24T15:05:45","guid":{"rendered":"https:\/\/mindtune.livebuilder.net\/jjwp\/?page_id=128"},"modified":"2025-08-14T19:43:47","modified_gmt":"2025-08-15T01:43:47","slug":"about-mindtune","status":"publish","type":"page","link":"https:\/\/mindtunenow.com\/es\/about-mindtune\/","title":{"rendered":"Sobre Nosotros"},"content":{"rendered":"<h2>\n\t\tAcerca de Mindtune\n\t<\/h2>\n\t<h2>Lo que comenz\u00f3 como un viaje personal para encontrar confianza y felicidad evolucion\u00f3 en una filosof\u00eda que ahora empodera a miles de personas en todo el mundo.<\/h2>\n\t\t\t<a href=\"https:\/\/mindtunenow.com\/es\/schedule-now\/\" target=\"_self\">\n\t\t\t\t\t\t\tComienza ahora.\n\t\t\t\t\t<\/a>\n<h2>\n\t\t\u00bfQu\u00e9 has escuchado acerca de Mindtune? \n\t<\/h2>\n\t<p>En Mindtune, nuestra misi\u00f3n es allanar el camino para que individuos positivos y orientados al crecimiento maximicen sus contribuciones positivas al mundo. Silenciamos el ruido mental, accediendo a niveles elevados y m\u00e1s aut\u00e9nticos del pensamiento. Prometemos una satisfacci\u00f3n profunda y profundas auto-realizaciones a medida que remodelas los h\u00e1bitos internos y alineas tu comportamiento con tus objetivos finales.<\/p>\n<h2>\n\t\tLa Filosof\u00eda de Mindtune\n\t<\/h2>\n\t<p>Cuando identificas lo que realmente quieres, descubres tus metas reales y trazas un camino para guiar tu viaje.<\/p>\n<p>Cuando eliminas pensamientos no importantes de tu mente, tu singularidad brota a la superficie para que puedas verla claramente.<\/p>\n<p>Cuando navegas por la incertidumbre y construyes confianza interna, aprendes a creer en ti mismo, sin depender de la aprobaci\u00f3n externa. Transformas tu propio mundo externo.<\/p>\n<p>Cuando de manera intencional mantienes tu mente clara y tranquila, puedes acceder a ideas pr\u00e1cticas, principios y herramientas para avanzar en tu camino.<\/p>\n<p>Cuando vives inspirado por un prop\u00f3sito mayor, enfocado en hacer una diferencia positiva en la vida de los dem\u00e1s, naturalmente te sientes m\u00e1s feliz y realizado. Vives una vida con prop\u00f3sito, ayudando a los dem\u00e1s, y encuentras una alegr\u00eda m\u00e1s profunda en el camino.<\/p>\n<h2 class=\" translation-block\">Revoluciona tu mundo a trav\u00e9s del poder de tu mente<\/h2>\n\t<p>At Mindtune, we don&#8217;t just believe in the power of your mind; we know it&#8217;s THE key to revolutionizing your reality. Our mission is clear: we guide you to elevate your thoughts, dive deep into your most authentic desires and reshape your world from its very foundation. This isn&#8217;t surface-level change. By making adjustments at the root, you will witness profound shifts in every aspect of your life. From your professional journey to personal relationships, the impact of harnessing your mind&#8217;s full potential is unparalleled. With us, it&#8217;s not about hoping for a brighter future-it&#8217;s about creating it.<\/p>\n\t\t\t<a href=\"https:\/\/mindtunenow.com\/es\/schedule-now\/\" target=\"_self\">\n\t\t\t\t\t\t\tComienza ahora.\n\t\t\t\t\t<\/a>\n\t\t\t\t<img decoding=\"async\" src=\"https:\/\/mindtunenow.com\/jjwp\/wp-content\/plugins\/bb-plugin\/img\/pixel.png\" alt=\"\" itemprop=\"image\" onerror=\"this.style.display='none'\"  \/>\n\t\t\t\t<img loading=\"lazy\" decoding=\"async\" src=\"https:\/\/mindtunenow.com\/jjwp\/wp-content\/uploads\/2023\/12\/Group-623.png\" alt=\"Marco Lopez, CEO of Mindtune\" itemprop=\"image\" height=\"1004\" width=\"892\" title=\"Marco in teardrop\" onerror=\"this.style.display='none'\"  \/>\n<h2>\n\t\t Presentando a Marco L\u00f3pez<br \/>Fundador y Presidente de Mindtune\n\t<\/h2>\n\t<p>I am Marco Lopez. I believe that every person, regardless of their background or upbringing, has unique gifts and qualities that can be accessed, developed and expressed with the help of Mindset Training. I worked for years in the pursuit of money over purpose, slowly drifting from the sources of my true joy. Despite pressure to conform to others&#8217; expectations, I finally prioritized listening to what I REALLY wanted. I left my &#8220;golden handcuffs,&#8221; seeking a role more in harmony with my sense of personal mission. What began as a personal endeavor quickly evolved into Mindtune. Learning to listen to my true, authentic self was the best professional choice I ever made. <\/p>\n\t\t\t<a href=\"https:\/\/mindtunenow.com\/es\/about-mindtune\/\" target=\"_self\">\n\t\t\t\t\t\t\tSaber M\u00e1s\n\t\t\t\t\t<\/a>\n<h2>\n\t\tConsejo de Mentores de Mindtune\n\t<\/h2>\n\t\t\t\t<img loading=\"lazy\" decoding=\"async\" src=\"https:\/\/mindtunenow.com\/jjwp\/wp-content\/uploads\/2023\/11\/Mask-Group-38.png\" alt=\"Mask Group 38\" itemprop=\"image\" height=\"219\" width=\"219\" title=\"Mask Group 38\" onerror=\"this.style.display='none'\"  \/>\n<h3>\n\t\tALFONSO LOPEZ<br \/> Co-Founder &#038; Mental Clarity Specialist\n\t<\/h3>\n\t<p>Alfonso Lopez is the original architect behind many of Mindtune&#8217;s core teachings. With a Master&#8217;s from BYU and an experience teaching at the University of Texas, he later took his work global-coaching and writing across Africa, Dubai, Spain, and England. A lifelong student of human capacity, Al co-founded Mindtune alongside his son Marco, contributing the foundational methods for achieving stillness, clarity, and doubling mental performance.<\/p>\n\t\t\t\t<img loading=\"lazy\" decoding=\"async\" src=\"https:\/\/mindtunenow.com\/jjwp\/wp-content\/uploads\/2023\/11\/Mask-Group-40.png\" alt=\"Mask Group 40\" itemprop=\"image\" height=\"219\" width=\"219\" title=\"Mask Group 40\" onerror=\"this.style.display='none'\"  \/>\n<h3>\n\t\tKirt M. Olson <br \/><\/h3><h3> Gu\u00eda a trav\u00e9s de Escrituras de Legado<\/h3>\n\t\n\t<p>Kirt M. Olson penned principles that profoundly shaped his life and subsequently inspired his grandson, Marco Lopez. This larger-than-life hero was particularly instrumental in serving the people of Latin America, inspired by a profound love he had for them, even though he wasn&#8217;t of their culture.\u00a0 Among many other projects, Kirt brought the song, &#8220;Go My Son,&#8221; into being, which has inspired millions of people throughout the world.\u00a0 You&#8217;ll find Kirt&#8217;s ideas woven throughout Mindtune&#8217;s philosophy and content.<\/p>\n\t\t\t\t<img loading=\"lazy\" decoding=\"async\" src=\"https:\/\/mindtunenow.com\/jjwp\/wp-content\/uploads\/2023\/12\/isolated_tablet_laptop_and_smartphone_composition.png\" alt=\"What you get from a Mindtune Coaching\" itemprop=\"image\" height=\"573\" width=\"880\" title=\"isolated_tablet_laptop_and_smartphone_composition\" onerror=\"this.style.display='none'\"  \/>\n<h2>\n\t\tProgramas Pioneros\n\t<\/h2>\n\t<p>Nuestros programas destacados para grupos e individuos cultivan la serenidad mental y ense\u00f1an a nuestros clientes a abrazar su m\u00e1ximo potencial. Juntos, rompemos barreras mentales, superamos creencias limitantes y practicamos estrategias mentales que impulsan el \u00e9xito y resultados innovadores.<\/p>\n<h2>\n\t\tCoaching de Negocios Individual\n\t<\/h2>\n\t<p>Mindtune ofrece sesiones de coaching virtuales individuales semanales o mensuales, talleres presenciales y conciertos magistrales para ayudarte a definir lo que REALMENTE deseas y desarrollar las habilidades pr\u00e1cticas para mantener la concentraci\u00f3n.\u00a0<\/p>\n\t\t\t<a href=\"https:\/\/mindtunenow.com\/es\/one-on-one-business-coaching\/\" target=\"_self\">\n\t\t\t\t\t\t\tSaber M\u00e1s\n\t\t\t\t\t<\/a>\n<h2>\n\t\tCoaching en Grupo\n\t<\/h2>\n\t<p>Mindtune ofrece una experiencia de transformaci\u00f3n de 24 semanas: retiros internacionales, coaching en l\u00ednea y eventos en vivo, conciertos magistrales y apoyo continuo de mentores emp\u00e1ticos y amigos.<\/p>\n\t\t\t<a href=\"https:\/\/mindtunenow.com\/es\/group-business-coaching\/\" target=\"_self\">\n\t\t\t\t\t\t\tSaber M\u00e1s\n\t\t\t\t\t<\/a>\n<h2>\n\t\tSpanish: \"Conciertos de Conferencia\"\n\t<\/h2>\n\t<p>Espera una mezcla \u00fanica de m\u00fasica y mensajes inspiradores interpretados por Marco L\u00f3pez, el fundador de Mindtune. Estos viajes emocionalmente impactantes refuerzan nuestros principios fundamentales, entretienen y despiertan nuevos niveles de autoconciencia.<\/p>\n\t\t\t<a href=\"https:\/\/mindtunenow.com\/es\/schedule-now\/\" target=\"_self\">\n\t\t\t\t\t\t\tSaber M\u00e1s\n\t\t\t\t\t<\/a>\n<h2>\n\t\tTaller de 2 D\u00edas\n\t<\/h2>\n\t<p>In two days, experience collective learning and transformative insights for improved results and self-awareness. Generally held at our headquarters in Utah Valley, UT, these workshops provide a concentrated exploration of Mindtune&#8217;s teachings.<\/p>\n\t\t\t<a href=\"https:\/\/mindtunenow.com\/es\/schedule-now\/\" target=\"_self\">\n\t\t\t\t\t\t\tSaber M\u00e1s\n\t\t\t\t\t<\/a>\n<h2>\n\t\tMindtune impacta a miles<br \/>de personas cada a\u00f1o\n\t<\/h2>\n\t<p>Mindtune&#8217;s founder, Marco Lopez, leaves an indelible mark on audiences, both in person, and on digital platforms across the world. He engages business leaders with timeless mindfulness principles anchored in simple, practical application. Click on the links to experience business coaching that transcends traditional boundaries.<\/p>\n\t\t\t\t<a href=\"https:\/\/youtu.be\/qXvpt0tM9pU?si=vwCtZET7zyBnDmx6\" target=\"_blank\" rel=\"noopener\"  itemprop=\"url\">\n\t\t\t\t<img loading=\"lazy\" decoding=\"async\" src=\"https:\/\/mindtunenow.com\/jjwp\/wp-content\/uploads\/2023\/12\/LifeAfterAddictionPodcastBetter.png\" alt=\"LifeAfterAddictionPodcastBetter\" itemprop=\"image\" height=\"484\" width=\"866\" title=\"LifeAfterAddictionPodcastBetter\" onerror=\"this.style.display='none'\"  \/>\n\t\t\t\t<\/a>\n\t\t\t\t<a href=\"https:\/\/youtu.be\/Nq-F2Bs1pK4?si=AAwYQyCwJKvmGLk6\" target=\"_blank\" rel=\"noopener\"  itemprop=\"url\">\n\t\t\t\t<img loading=\"lazy\" decoding=\"async\" src=\"https:\/\/mindtunenow.com\/jjwp\/wp-content\/uploads\/2023\/12\/MettleMentalityPodcastMarco.png\" alt=\"Mettle Mentality Podcast\" itemprop=\"image\" height=\"408\" width=\"722\" title=\"MettleMentalityPodcastMarco\" onerror=\"this.style.display='none'\"  \/>\n\t\t\t\t<\/a>\n\t\t\t\t<a href=\"https:\/\/www.youtube.com\/watch?si=AzXD6lVBEMbl6G5H&#038;v=6gKPdr0zHfY&#038;feature=youtu.be\" target=\"_blank\" rel=\"noopener\"  itemprop=\"url\">\n\t\t\t\t<img loading=\"lazy\" decoding=\"async\" src=\"https:\/\/mindtunenow.com\/jjwp\/wp-content\/uploads\/2023\/12\/TechMomsPodcastMarco.png\" alt=\"Tech Mom Podcast\" itemprop=\"image\" height=\"487\" width=\"865\" title=\"TechMomsPodcastMarco\" onerror=\"this.style.display='none'\"  \/>\n\t\t\t\t<\/a>\n\t\t\t\t<a href=\"https:\/\/www.youtube.com\/live\/SE4cyZQEiu0?si=-Iz9JWG7vm2h0WCB\" target=\"_blank\" rel=\"noopener\"  itemprop=\"url\">\n\t\t\t\t<img loading=\"lazy\" decoding=\"async\" src=\"https:\/\/mindtunenow.com\/jjwp\/wp-content\/uploads\/2023\/12\/4KeystoUnlockYourMindforRealEstate.png\" alt=\"4 Keys to Unlock Your Mind for Success\" itemprop=\"image\" height=\"720\" width=\"1078\" title=\"4KeystoUnlockYourMindforRealEstate\" onerror=\"this.style.display='none'\"  \/>\n\t\t\t\t<\/a>\n<h2>\n\t\tPreguntas Frecuentes\n\t<\/h2>\n\t\t\t\t\t\t<h5>\u00bfQu\u00e9 es Mindtune y en qu\u00e9 se diferencia de otras empresas de capacitaci\u00f3n empresarial?<\/h5>\n\t\t\tMindtune is a high-level mindset training company that helps people step beyond their stagnant trajectories by restoring clear and capable minds. Mindtune works with individuals at a root level, improving every result in their lives. It helps individuals reconnect with their authenticity, which often fades in adulthood due to tension, anxiety, and unnecessary thoughts. Unlike other schools of thought that often add to mental noise, Mindtune&#8217;s priority is to help clients access mental calmness, opening the door to their most capable selves.\n\t\t\t\t\t\t<h5>\u00bfQu\u00e9 servicios espec\u00edficos ofrece Mindtune?<\/h5>\n\t\t\tMindtune ofrece coaching individual, coaching grupal, retiros internacionales, coaching en l\u00ednea, talleres empresariales en vivo y conciertos magistrales. Estos servicios tienen como objetivo ayudar a los clientes a definir lo que realmente quieren y desarrollar habilidades pr\u00e1cticas para vivir en armon\u00eda con estas aspiraciones a sus niveles m\u00e1s altos de capacidad.\n\t\t\t\t\t\t<h5>\u00bfC\u00f3mo puede Mindtune ayudarme a liberarme emocionalmente y silenciar el ruido mental?<\/h5>\n\t\t\tMindtune mostrar\u00e1 a los clientes c\u00f3mo despejar la niebla en sus mentes y reconectar con su yo m\u00e1s aut\u00e9ntico, permitiendo una mejor expresi\u00f3n de su singularidad. Ayuda a liberarse de las presiones externas negativas, proporcionando herramientas y t\u00e9cnicas para mantener una mente tranquila y capaz, lo que garantiza niveles m\u00e1s altos de rendimiento personal y profesional.\n\t\t\t\t\t\t<h5>\u00bfCu\u00e1l es el enfoque S.O.N.G. y c\u00f3mo ayuda en la transformaci\u00f3n personal y profesional?<\/h5>\n\t\t\tThe S.O.N.G. formula is Mindtune&#8217;s unique big-picture strategy that brings together core connections for quieting mental noise (Self, Others, Now, and Greater Purpose). This approach guarantees unique expression, contribution, and overall expansion, both personally and professionally, helping clients rise above uncertainty and access forward-moving solutions.\n\t\t\t\t\t\t<h5>\u00bfEn qu\u00e9 consiste su coaching grupal y c\u00f3mo est\u00e1 estructurado?<\/h5>\n\t\t\tEl coaching grupal de Mindtune es un viaje de empoderamiento de 24 semanas, aumentando la autoconciencia y la capacidad general. Guiados por un coach de mentalidad elite, de 6 a 8 participantes con mentalidades afines trabajan para cambiar sus mundos e impactar positivamente a otros a trav\u00e9s de su singularidad. El programa incluye sesiones semanales de Zoom de 75 minutos, estudio y acci\u00f3n diarios, interacciones uno a uno y una experiencia culminante en M\u00e9xico, enfoc\u00e1ndose en Self, Others, Now y Greater Purpose.\n\t\t\t\t\t\t<h5>How accessible and affordable are Mindtune&#8217;s courses and services?<\/h5>\n\t\t\tMindtune&#8217;s training programs vary in price, with options from free to premium levels. The most accessible and affordable way to experience Mindtune is through a Keynote concert.\n\t\t\t\t\t\t<h5>\u00bfQui\u00e9n es el cliente ideal para Mindtune y cu\u00e1les son sus caracter\u00edsticas t\u00edpicas?<\/h5>\n\t\t\tEl cliente ideal para Mindtune es alguien ansioso por lograr resultados m\u00e1s all\u00e1 de su experiencia actual, de mente abierta y dispuesto a implementar sugerencias para el cambio.","protected":false},"excerpt":{"rendered":"<p>About Mindtune What began as a personal journey to find confidence and happiness evolved into a philosophy that now empowers thousands all over the world. Begin Now! What Have You Heard About Mindtune? At Mindtune, our mission is to pave the way for good, growth-oriented individuals to maximize their positive contributions to the world. We&hellip;<\/p>","protected":false},"author":1,"featured_media":0,"parent":0,"menu_order":0,"comment_status":"closed","ping_status":"closed","template":"","meta":{"_monsterinsights_skip_tracking":false,"_monsterinsights_sitenote_active":false,"_monsterinsights_sitenote_note":"","_monsterinsights_sitenote_category":0,"footnotes":""},"class_list":["post-128","page","type-page","status-publish","hentry"],"yoast_head":"<!-- This site is optimized with the Yoast SEO plugin v22.8 - https:\/\/yoast.com\/wordpress\/plugins\/seo\/ -->\n<title>Learn about Mindtune: its inception and philosophy | Mindtune<\/title>\n<meta name=\"description\" content=\"Learn about Mindtune, a business coaching network that empowers individuals worldwide to positively impact their world. Call (801)636-5713.\" \/>\n<meta name=\"robots\" content=\"index, follow, max-snippet:-1, max-image-preview:large, max-video-preview:-1\" \/>\n<link rel=\"canonical\" href=\"https:\/\/mindtunenow.com\/es\/about-mindtune\/\" \/>\n<meta property=\"og:locale\" content=\"es_MX\" \/>\n<meta property=\"og:type\" content=\"article\" \/>\n<meta property=\"og:title\" content=\"Learn about Mindtune: its inception and philosophy | Mindtune\" \/>\n<meta property=\"og:description\" content=\"Learn about Mindtune, a business coaching network that empowers individuals worldwide to positively impact their world. Call (801)636-5713.\" \/>\n<meta property=\"og:url\" content=\"https:\/\/mindtunenow.com\/es\/about-mindtune\/\" \/>\n<meta property=\"og:site_name\" content=\"Mindtune\" \/>\n<meta property=\"article:publisher\" content=\"https:\/\/www.facebook.com\/mindtunenow\" \/>\n<meta property=\"article:modified_time\" content=\"2025-08-15T01:43:47+00:00\" \/>\n<meta property=\"og:image\" content=\"https:\/\/mindtunenow.com\/jjwp\/wp-content\/plugins\/bb-plugin\/img\/pixel.png\" \/>\n<meta name=\"twitter:card\" content=\"summary_large_image\" \/>\n<meta name=\"twitter:label1\" content=\"Tiempo de lectura\" \/>\n\t<meta name=\"twitter:data1\" content=\"16 minutos\" \/>\n<script type=\"application\/ld+json\" class=\"yoast-schema-graph\">{\"@context\":\"https:\/\/schema.org\",\"@graph\":[{\"@type\":\"WebPage\",\"@id\":\"https:\/\/mindtunenow.com\/about-mindtune\/\",\"url\":\"https:\/\/mindtunenow.com\/about-mindtune\/\",\"name\":\"Learn about Mindtune: its inception and philosophy | Mindtune\",\"isPartOf\":{\"@id\":\"https:\/\/mindtunenow.com\/#website\"},\"primaryImageOfPage\":{\"@id\":\"https:\/\/mindtunenow.com\/about-mindtune\/#primaryimage\"},\"image\":{\"@id\":\"https:\/\/mindtunenow.com\/about-mindtune\/#primaryimage\"},\"thumbnailUrl\":\"https:\/\/mindtunenow.com\/jjwp\/wp-content\/plugins\/bb-plugin\/img\/pixel.png\",\"datePublished\":\"2023-10-24T15:05:45+00:00\",\"dateModified\":\"2025-08-15T01:43:47+00:00\",\"description\":\"Learn about Mindtune, a business coaching network that empowers individuals worldwide to positively impact their world. Call (801)636-5713.\",\"breadcrumb\":{\"@id\":\"https:\/\/mindtunenow.com\/about-mindtune\/#breadcrumb\"},\"inLanguage\":\"es\",\"potentialAction\":[{\"@type\":\"ReadAction\",\"target\":[\"https:\/\/mindtunenow.com\/about-mindtune\/\"]}]},{\"@type\":\"ImageObject\",\"inLanguage\":\"es\",\"@id\":\"https:\/\/mindtunenow.com\/about-mindtune\/#primaryimage\",\"url\":\"https:\/\/mindtunenow.com\/jjwp\/wp-content\/plugins\/bb-plugin\/img\/pixel.png\",\"contentUrl\":\"https:\/\/mindtunenow.com\/jjwp\/wp-content\/plugins\/bb-plugin\/img\/pixel.png\"},{\"@type\":\"BreadcrumbList\",\"@id\":\"https:\/\/mindtunenow.com\/about-mindtune\/#breadcrumb\",\"itemListElement\":[{\"@type\":\"ListItem\",\"position\":1,\"name\":\"Home\",\"item\":\"https:\/\/mindtunenow.com\/\"},{\"@type\":\"ListItem\",\"position\":2,\"name\":\"About Us\"}]},{\"@type\":\"WebSite\",\"@id\":\"https:\/\/mindtunenow.com\/#website\",\"url\":\"https:\/\/mindtunenow.com\/\",\"name\":\"Mindtune\",\"description\":\"Quiet Your Mental Critic. Reconnect To Your TRUE Self.\",\"publisher\":{\"@id\":\"https:\/\/mindtunenow.com\/#organization\"},\"potentialAction\":[{\"@type\":\"SearchAction\",\"target\":{\"@type\":\"EntryPoint\",\"urlTemplate\":\"https:\/\/mindtunenow.com\/?s={search_term_string}\"},\"query-input\":\"required name=search_term_string\"}],\"inLanguage\":\"es\"},{\"@type\":\"Organization\",\"@id\":\"https:\/\/mindtunenow.com\/#organization\",\"name\":\"Mindtune\",\"url\":\"https:\/\/mindtunenow.com\/\",\"logo\":{\"@type\":\"ImageObject\",\"inLanguage\":\"es\",\"@id\":\"https:\/\/mindtunenow.com\/#\/schema\/logo\/image\/\",\"url\":\"https:\/\/mindtunenow.com\/jjwp\/wp-content\/uploads\/2023\/12\/Group-623.png\",\"contentUrl\":\"https:\/\/mindtunenow.com\/jjwp\/wp-content\/uploads\/2023\/12\/Group-623.png\",\"width\":892,\"height\":1004,\"caption\":\"Mindtune\"},\"image\":{\"@id\":\"https:\/\/mindtunenow.com\/#\/schema\/logo\/image\/\"},\"sameAs\":[\"https:\/\/www.facebook.com\/mindtunenow\",\"https:\/\/www.youtube.com\/@mindtunenow\",\"https:\/\/www.instagram.com\/marcoallopez\",\"https:\/\/www.linkedin.com\/in\/entrepreneur-mindset-coach\/\"]}]}<\/script>\n<!-- \/ Yoast SEO plugin. -->","yoast_head_json":{"title":"Learn about Mindtune: its inception and philosophy | Mindtune","description":"Learn about Mindtune, a business coaching network that empowers individuals worldwide to positively impact their world. Call (801)636-5713.","robots":{"index":"index","follow":"follow","max-snippet":"max-snippet:-1","max-image-preview":"max-image-preview:large","max-video-preview":"max-video-preview:-1"},"canonical":"https:\/\/mindtunenow.com\/es\/about-mindtune\/","og_locale":"es_MX","og_type":"article","og_title":"Learn about Mindtune: its inception and philosophy | Mindtune","og_description":"Learn about Mindtune, a business coaching network that empowers individuals worldwide to positively impact their world. Call (801)636-5713.","og_url":"https:\/\/mindtunenow.com\/es\/about-mindtune\/","og_site_name":"Mindtune","article_publisher":"https:\/\/www.facebook.com\/mindtunenow","article_modified_time":"2025-08-15T01:43:47+00:00","og_image":[{"url":"https:\/\/mindtunenow.com\/jjwp\/wp-content\/plugins\/bb-plugin\/img\/pixel.png"}],"twitter_card":"summary_large_image","twitter_misc":{"Tiempo de lectura":"16 minutos"},"schema":{"@context":"https:\/\/schema.org","@graph":[{"@type":"WebPage","@id":"https:\/\/mindtunenow.com\/about-mindtune\/","url":"https:\/\/mindtunenow.com\/about-mindtune\/","name":"Learn about Mindtune: its inception and philosophy | Mindtune","isPartOf":{"@id":"https:\/\/mindtunenow.com\/#website"},"primaryImageOfPage":{"@id":"https:\/\/mindtunenow.com\/about-mindtune\/#primaryimage"},"image":{"@id":"https:\/\/mindtunenow.com\/about-mindtune\/#primaryimage"},"thumbnailUrl":"https:\/\/mindtunenow.com\/jjwp\/wp-content\/plugins\/bb-plugin\/img\/pixel.png","datePublished":"2023-10-24T15:05:45+00:00","dateModified":"2025-08-15T01:43:47+00:00","description":"Learn about Mindtune, a business coaching network that empowers individuals worldwide to positively impact their world. Call (801)636-5713.","breadcrumb":{"@id":"https:\/\/mindtunenow.com\/about-mindtune\/#breadcrumb"},"inLanguage":"es","potentialAction":[{"@type":"ReadAction","target":["https:\/\/mindtunenow.com\/about-mindtune\/"]}]},{"@type":"ImageObject","inLanguage":"es","@id":"https:\/\/mindtunenow.com\/about-mindtune\/#primaryimage","url":"https:\/\/mindtunenow.com\/jjwp\/wp-content\/plugins\/bb-plugin\/img\/pixel.png","contentUrl":"https:\/\/mindtunenow.com\/jjwp\/wp-content\/plugins\/bb-plugin\/img\/pixel.png"},{"@type":"BreadcrumbList","@id":"https:\/\/mindtunenow.com\/about-mindtune\/#breadcrumb","itemListElement":[{"@type":"ListItem","position":1,"name":"Home","item":"https:\/\/mindtunenow.com\/"},{"@type":"ListItem","position":2,"name":"About Us"}]},{"@type":"WebSite","@id":"https:\/\/mindtunenow.com\/#website","url":"https:\/\/mindtunenow.com\/","name":"Mindtune","description":"Quiet Your Mental Critic. Reconnect To Your TRUE Self.","publisher":{"@id":"https:\/\/mindtunenow.com\/#organization"},"potentialAction":[{"@type":"SearchAction","target":{"@type":"EntryPoint","urlTemplate":"https:\/\/mindtunenow.com\/?s={search_term_string}"},"query-input":"required name=search_term_string"}],"inLanguage":"es"},{"@type":"Organization","@id":"https:\/\/mindtunenow.com\/#organization","name":"Mindtune","url":"https:\/\/mindtunenow.com\/","logo":{"@type":"ImageObject","inLanguage":"es","@id":"https:\/\/mindtunenow.com\/#\/schema\/logo\/image\/","url":"https:\/\/mindtunenow.com\/jjwp\/wp-content\/uploads\/2023\/12\/Group-623.png","contentUrl":"https:\/\/mindtunenow.com\/jjwp\/wp-content\/uploads\/2023\/12\/Group-623.png","width":892,"height":1004,"caption":"Mindtune"},"image":{"@id":"https:\/\/mindtunenow.com\/#\/schema\/logo\/image\/"},"sameAs":["https:\/\/www.facebook.com\/mindtunenow","https:\/\/www.youtube.com\/@mindtunenow","https:\/\/www.instagram.com\/marcoallopez","https:\/\/www.linkedin.com\/in\/entrepreneur-mindset-coach\/"]}]}},"_links":{"self":[{"href":"https:\/\/mindtunenow.com\/es\/wp-json\/wp\/v2\/pages\/128","targetHints":{"allow":["GET"]}}],"collection":[{"href":"https:\/\/mindtunenow.com\/es\/wp-json\/wp\/v2\/pages"}],"about":[{"href":"https:\/\/mindtunenow.com\/es\/wp-json\/wp\/v2\/types\/page"}],"author":[{"embeddable":true,"href":"https:\/\/mindtunenow.com\/es\/wp-json\/wp\/v2\/users\/1"}],"replies":[{"embeddable":true,"href":"https:\/\/mindtunenow.com\/es\/wp-json\/wp\/v2\/comments?post=128"}],"version-history":[{"count":39,"href":"https:\/\/mindtunenow.com\/es\/wp-json\/wp\/v2\/pages\/128\/revisions"}],"predecessor-version":[{"id":727,"href":"https:\/\/mindtunenow.com\/es\/wp-json\/wp\/v2\/pages\/128\/revisions\/727"}],"wp:attachment":[{"href":"https:\/\/mindtunenow.com\/es\/wp-json\/wp\/v2\/media?parent=128"}],"curies":[{"name":"wp","href":"https:\/\/api.w.org\/{rel}","templated":true}]}}