{"id":106,"date":"2023-10-23T11:52:20","date_gmt":"2023-10-23T17:52:20","guid":{"rendered":"https:\/\/mindtune.livebuilder.net\/jjwp\/?page_id=106"},"modified":"2023-12-08T09:33:15","modified_gmt":"2023-12-08T16:33:15","slug":"group-business-coaching","status":"publish","type":"page","link":"https:\/\/mindtunenow.com\/es\/group-business-coaching\/","title":{"rendered":"Coaching de Negocios en Grupo"},"content":{"rendered":"<h1>\n\t\tCoaching de Negocios en Grupo\n\t<\/h1>\n\t<h2>En este programa de 24 semanas, te conectar\u00e1s con emprendedores afines para mejorar enfoque, claridad, confianza y felicidad.<\/h2>\n\t\t\t<a href=\"https:\/\/mindtunenow.com\/es\/schedule-now\/\" target=\"_self\" rel=\"noopener\">\n\t\t\t\t\t\t\tComienza ahora.\n\t\t\t\t\t<\/a>\n<h2>\n\t\tCoaching de Negocios en Grupo <br \/>Te muestra una manera m\u00e1s f\u00e1cil de:\n\t<\/h2>\n\t<ul>\n<li aria-level=\"1\">Define lo que realmente DESEAS. Identifica lo que te detiene.<\/li>\n<li aria-level=\"1\">Domina a tu cr\u00edtico mental y accede a tu verdadero potencial.<\/li>\n<li aria-level=\"1\">Con\u00e9ctate con TU prop\u00f3sito superior.<\/li>\n<li aria-level=\"1\">Set &#8220;impossible&#8221; goals and achieve them all.<\/li>\n<li aria-level=\"1\">Discover the power YOU hold for YOUR life&#8217;s happiness.<\/li>\n<\/ul>\n<h2>\n\t\t\u00bfQu\u00e9 aprender\u00e1s a dominar?\n\t<\/h2>\n<h3>\n\t\tEnfoque\n\t<\/h3>\n\t<p>Define tus deseos genuinos y dirige tu energ\u00eda hacia ellos. Reconoce y toma el control de tu poder para dar forma a tu destino. <\/p>\n<h3>\n\t\tClaridad\n\t<\/h3>\n\t<p>Mantente tranquilo, relajado y altamente capaz mientras persigues metas mucho m\u00e1s all\u00e1 de tu realidad externa actual, lo que te permite maximizar tu capacidad general.<\/p>\n<h3>\n\t\tConfianza\n\t<\/h3>\n\t<p>Accede a la confianza desde dentro. Reduce tu dependencia de circunstancias externas y validaciones, desarrollando consistencia en tus resultados.\u00a0 <\/p>\n<h3>\n\t\tFelicidad\n\t<\/h3>\n\t<p>Comprende y practica una f\u00f3rmula repetible que conduce a <i>felicidad genuina<\/i> y <i>plenitud<\/i>Maximiza los resultados tanto en los negocios como en la vida. <\/p>\n\t\t\t\t<img loading=\"lazy\" decoding=\"async\" src=\"https:\/\/mindtunenow.com\/jjwp\/wp-content\/uploads\/2023\/12\/Group-623.png\" alt=\"Marco Lopez, CEO of Mindtune\" itemprop=\"image\" height=\"1004\" width=\"892\" title=\"Marco in teardrop\" onerror=\"this.style.display='none'\"  \/>\n<h2>\n\t\tMarco Lopez: <br \/>Un l\u00edder luchando en las trincheras\n\t<\/h2>\n\t<p>Throughout my life, I folded to outside pressure to conform to someone else&#8217;s expectations. The mental noise, depression and anxiety swelled into a permanent fog. In my 20&#8217;s, for the sake of my mental health, I started learning to quiet external influences and listen to what I felt was right for me. I made bold moves in my career that made others shake their heads, but those turned out to be the best moves for my long term success. Learning to listen to my higher self was the most valuable investment of time and energy I ever made. Because of the changes I&#8217;ve witnessed in my life, I feel compelled to help others do the same.<\/p>\n\t\t\t<a href=\"https:\/\/mindtunenow.com\/es\/about-mindtune\/\" target=\"_self\" rel=\"noopener\">\n\t\t\t\t\t\t\tSaber M\u00e1s\n\t\t\t\t\t<\/a>\n<h2>\n\t\t\u00bfQu\u00e9 Puedo Esperar?\n\t<\/h2>\n\t<p>Mindtune invites you to kickstart a new version of YOU with an in-person retreat. A new beginning. There, you&#8217;ll meet mentors who provide guided instruction and connect with supportive friends as you begin to develop new habits. For 24 weeks, you&#8217;ll delve into dynamic group coaching calls\u00a0 complemented by a library of online tools and resources. This is your personal journey to expand your awareness and unveil hidden truths about yourself! This adventure culminates with a four-day retreat in Chiapas, Mexico, where you and your close-knit group apply everything you&#8217;ve learned about creating your greatest results in the midst of uncertainty.\u00a0<\/p>\n\t\t\t<a href=\"https:\/\/mindtunenow.com\/es\/schedule-now\/\" target=\"_self\" rel=\"noopener\">\n\t\t\t\t\t\t\tComienza ahora.\n\t\t\t\t\t<\/a>\n\t\t\t\t<img loading=\"lazy\" decoding=\"async\" src=\"https:\/\/mindtunenow.com\/jjwp\/wp-content\/uploads\/2023\/12\/isolated_tablet_laptop_and_smartphone_composition.png\" alt=\"What you get from a Mindtune Coaching\" itemprop=\"image\" height=\"573\" width=\"880\" title=\"isolated_tablet_laptop_and_smartphone_composition\" onerror=\"this.style.display='none'\"  \/>\n<h2>\n\t\tCurr\u00edculo de Mindtune \n\t<\/h2>\n<h2>\n\t\tEnfoque\n\t<\/h2>\n\t<p>Antes de poder lograr, necesitas saber qu\u00e9 es lo que quieres lograr. Al establecer la base con aspiraciones genuinas, comienzas un viaje con un destino claro.<\/p>\n<p>&nbsp;<\/p>\n<img decoding=\"async\" src=\"https:\/\/mindtunenow.com\/jjwp\/wp-content\/uploads\/2023\/11\/Icon-awesome-check-circle.png\" alt=\"Checkmark\" \/> Define lo que realmente quieres.<br \/>\n<img decoding=\"async\" src=\"https:\/\/mindtunenow.com\/jjwp\/wp-content\/uploads\/2023\/11\/Icon-awesome-check-circle.png\" alt=\"Checkmark\" \/> Recibe las herramientas para ayudarte a tener \u00e9xito.<br \/>\n<img decoding=\"async\" src=\"https:\/\/mindtunenow.com\/jjwp\/wp-content\/uploads\/2023\/11\/Icon-awesome-check-circle.png\" alt=\"Checkmark\" \/> Establece metas oce\u00e1nicas y metas de hitos.<br \/>\n<img decoding=\"async\" src=\"https:\/\/mindtunenow.com\/jjwp\/wp-content\/uploads\/2023\/11\/Icon-awesome-check-circle.png\" alt=\"Checkmark\" \/> Crea tu guion para un mejor yo.\n<h2>\n\t\t Claridad\n\t<\/h2>\n\t<p>Esta secci\u00f3n te dota de herramientas para mantener una mente tranquila. Al hacerlo, accedes a niveles inigualables de perspicacia, garantizando que cada decisi\u00f3n est\u00e9 informada y cada paso tenga un prop\u00f3sito.<\/p>\n<img decoding=\"async\" src=\"https:\/\/mindtunenow.com\/jjwp\/wp-content\/uploads\/2023\/11\/Icon-awesome-check-circle.png\" alt=\"Checkmark\" \/> Aprende a aprovechar el poder de tu subconsciente.<br \/>\n<img decoding=\"async\" src=\"https:\/\/mindtunenow.com\/jjwp\/wp-content\/uploads\/2023\/11\/Icon-awesome-check-circle.png\" alt=\"Checkmark\" \/> Experimenta c\u00f3mo todo en tu vida mejora.<br \/>\n<img decoding=\"async\" src=\"https:\/\/mindtunenow.com\/jjwp\/wp-content\/uploads\/2023\/11\/Icon-awesome-check-circle.png\" alt=\"Checkmark\" \/> Aprende la clave para estar presente.<br \/>\n<img decoding=\"async\" src=\"https:\/\/mindtunenow.com\/jjwp\/wp-content\/uploads\/2023\/11\/Icon-awesome-check-circle.png\" alt=\"Checkmark\" \/> Aprende a vivir desde un nivel superior.\n<h2>\n\t\tConfianza\n\t<\/h2>\n\t<p>&nbsp;Esta secci\u00f3n enfatiza una verdad fundamental: T\u00da eres el arquitecto de tu destino. Al apoyarte m\u00e1s en tu poder innato, aprendes a dar forma a tus circunstancias externas desde dentro.&nbsp;<\/p>\n<p>&nbsp;<\/p>\n<img decoding=\"async\" src=\"https:\/\/mindtunenow.com\/jjwp\/wp-content\/uploads\/2023\/11\/Icon-awesome-check-circle.png\" alt=\"Checkmark\" \/> Identifica y reemplaza los conceptos falsos que te est\u00e1n frenando.<br \/><img decoding=\"async\" src=\"https:\/\/mindtunenow.com\/jjwp\/wp-content\/uploads\/2023\/11\/Icon-awesome-check-circle.png\" alt=\"Checkmark\" \/> Aprende a lidiar con tus demonios y cambiar tu frecuencia.<br \/><img decoding=\"async\" src=\"https:\/\/mindtunenow.com\/jjwp\/wp-content\/uploads\/2023\/11\/Icon-awesome-check-circle.png\" alt=\"Checkmark\" \/> Con\u00e9ctate a un prop\u00f3sito mayor como tu punto de apoyo.<br \/><img decoding=\"async\" src=\"https:\/\/mindtunenow.com\/jjwp\/wp-content\/uploads\/2023\/11\/Icon-awesome-check-circle.png\" alt=\"Checkmark\" \/> Aprende a tocar ligeramente todo lo dem\u00e1s.\n<h2>\n\t\tFelicidad\n\t<\/h2>\n\t<p>The happiness segment isn&#8217;t a new lesson; it&#8217;s a realization of the principles you&#8217;ve embodied throughout your journey. You learn to repeat the process of unearthing profound self-discoveries and authentic joy.<\/p>\n<p>&nbsp;<\/p>\n<img decoding=\"async\" src=\"https:\/\/mindtunenow.com\/jjwp\/wp-content\/uploads\/2023\/11\/Icon-awesome-check-circle.png\" alt=\"Checkmark\" \/> Aprende el Secreto de la Felicidad<br \/>\n<img decoding=\"async\" src=\"https:\/\/mindtunenow.com\/jjwp\/wp-content\/uploads\/2023\/11\/Icon-awesome-check-circle.png\" alt=\"Checkmark\" \/> Aprende a utilizar y aplicar consistentemente la f\u00f3rmula S.O.N.G. para obtener tus mejores resultados.<br \/>\n<img decoding=\"async\" src=\"https:\/\/mindtunenow.com\/jjwp\/wp-content\/uploads\/2023\/11\/Icon-awesome-check-circle.png\" alt=\"Checkmark\" \/> Descubre un nuevo nivel de control que siempre tienes<br \/>\n<img decoding=\"async\" src=\"https:\/\/mindtunenow.com\/jjwp\/wp-content\/uploads\/2023\/11\/Icon-awesome-check-circle.png\" alt=\"Checkmark\" \/> Aprende y experimenta el poder de Hacia y a Trav\u00e9s\n\t\t\t\t<img loading=\"lazy\" decoding=\"async\" src=\"https:\/\/mindtunenow.com\/jjwp\/wp-content\/uploads\/2023\/12\/Mask-Group-68.png\" alt=\"Marco Lopez presenting to a group\" itemprop=\"image\" height=\"916\" width=\"559\" title=\"Mask Group 68\" onerror=\"this.style.display='none'\"  \/>\n<h2>\n\t\t\u00bfQu\u00e9 se incluye en el Coaching Empresarial en Grupo?\n\t<\/h2>\n\t<p><b>Sesiones de Coaching Grupal Semanales<\/b><\/p>\n<p>You won&#8217;t want to miss these.\u00a0 Every coaching session is a step forward on your transformative journey, unlocking unparalleled growth and potential with the support of like-minded achievers. Join us and experience the change.<\/p>\n<b><br \/>\nCoaching Empresarial en Grupo de Innovaci\u00f3n y Excelencia Estrat\u00e9gica (24 semanas)<\/b>\n<p>Experience deep transformation with the support and structure of our flagship online course. Over six months, under the guidance of a dedicated guide, you&#8217;ll apply Mindtune&#8217;s methodology across diverse life and business scenarios to achieve your transformation.<\/p>\n<p>&nbsp;<\/p>\n<p><b>La Experiencia en Chiapas, M\u00e9xico (4 d\u00edas)<\/b><\/p>\n<p>Embarca en un viaje intensivo de 4 d\u00edas en Chiapas, M\u00e9xico (opcional). Esta experiencia inmersiva, enriquecida por nuestra metodolog\u00eda \u00fanica, fomenta percepciones profundas y v\u00ednculos entre los participantes, a trav\u00e9s de una plataforma que pondr\u00e1 en pr\u00e1ctica todo lo aprendido a lo largo del curso.<\/p>\n<p>\u00a0<\/p>\n\t\t\t<a href=\"https:\/\/mindtunenow.com\/es\/schedule-now\/\" target=\"_self\" rel=\"noopener\">\n\t\t\t\t\t\t\tComienza ahora.\n\t\t\t\t\t<\/a>\n<h2>\n\t\t\u00bfNo Est\u00e1s Seguro por D\u00f3nde Empezar?\n\t<\/h2>\n\t<p>We can even help with that! Let&#8217;s find some time to connect. Together, we&#8217;ll look at all the options within the Mindtune network and find the best fit for you and your lifestyle. We&#8217;ll hold your hand as you feel out the next right step to discovering a happier, more mindful life.\u00a0<\/p>\n\t\t\t<a href=\"https:\/\/mindtunenow.com\/es\/schedule-now\/\" target=\"_self\" rel=\"noopener\">\n\t\t\t\t\t\t\tComienza ahora.\n\t\t\t\t\t<\/a>","protected":false},"excerpt":{"rendered":"<p>Group Business Coaching In this 24-week program, you will connect with like-minded entrepreneurs to improve focus, clarity, confidence and happiness. Begin Now! Group Business Coaching Shows You An Easier Way To: Define what you really WANT. Identify what holds you back. Tame your mental critic and tap into your TRUE potential. Connect with YOUR higher&hellip;<\/p>","protected":false},"author":1,"featured_media":0,"parent":0,"menu_order":0,"comment_status":"closed","ping_status":"closed","template":"","meta":{"_monsterinsights_skip_tracking":false,"_monsterinsights_sitenote_active":false,"_monsterinsights_sitenote_note":"","_monsterinsights_sitenote_category":0,"footnotes":""},"class_list":["post-106","page","type-page","status-publish","hentry"],"yoast_head":"<!-- This site is optimized with the Yoast SEO plugin v22.8 - https:\/\/yoast.com\/wordpress\/plugins\/seo\/ -->\n<title>Group Business Coaching - Mindtune<\/title>\n<meta name=\"description\" content=\"Train your mind. Improve your results. Rise to the next level with group business coaching. Contact Mindtune at (801)636-5713.\" \/>\n<meta name=\"robots\" content=\"index, follow, max-snippet:-1, max-image-preview:large, max-video-preview:-1\" \/>\n<link rel=\"canonical\" href=\"https:\/\/mindtunenow.com\/es\/group-business-coaching\/\" \/>\n<meta property=\"og:locale\" content=\"es_MX\" \/>\n<meta property=\"og:type\" content=\"article\" \/>\n<meta property=\"og:title\" content=\"Group Business Coaching - Mindtune\" \/>\n<meta property=\"og:description\" content=\"Train your mind. Improve your results. Rise to the next level with group business coaching. Contact Mindtune at (801)636-5713.\" \/>\n<meta property=\"og:url\" content=\"https:\/\/mindtunenow.com\/es\/group-business-coaching\/\" \/>\n<meta property=\"og:site_name\" content=\"Mindtune\" \/>\n<meta property=\"article:publisher\" content=\"https:\/\/www.facebook.com\/mindtunenow\" \/>\n<meta property=\"article:modified_time\" content=\"2023-12-08T16:33:15+00:00\" \/>\n<meta property=\"og:image\" content=\"https:\/\/mindtunenow.com\/jjwp\/wp-content\/uploads\/2023\/12\/Group-623.png\" \/>\n<meta name=\"twitter:card\" content=\"summary_large_image\" \/>\n<script type=\"application\/ld+json\" class=\"yoast-schema-graph\">{\"@context\":\"https:\/\/schema.org\",\"@graph\":[{\"@type\":\"WebPage\",\"@id\":\"https:\/\/mindtunenow.com\/group-business-coaching\/\",\"url\":\"https:\/\/mindtunenow.com\/group-business-coaching\/\",\"name\":\"Group Business Coaching - Mindtune\",\"isPartOf\":{\"@id\":\"https:\/\/mindtunenow.com\/#website\"},\"primaryImageOfPage\":{\"@id\":\"https:\/\/mindtunenow.com\/group-business-coaching\/#primaryimage\"},\"image\":{\"@id\":\"https:\/\/mindtunenow.com\/group-business-coaching\/#primaryimage\"},\"thumbnailUrl\":\"https:\/\/mindtunenow.com\/jjwp\/wp-content\/uploads\/2023\/12\/Group-623.png\",\"datePublished\":\"2023-10-23T17:52:20+00:00\",\"dateModified\":\"2023-12-08T16:33:15+00:00\",\"description\":\"Train your mind. Improve your results. Rise to the next level with group business coaching. Contact Mindtune at (801)636-5713.\",\"breadcrumb\":{\"@id\":\"https:\/\/mindtunenow.com\/group-business-coaching\/#breadcrumb\"},\"inLanguage\":\"es\",\"potentialAction\":[{\"@type\":\"ReadAction\",\"target\":[\"https:\/\/mindtunenow.com\/group-business-coaching\/\"]}]},{\"@type\":\"ImageObject\",\"inLanguage\":\"es\",\"@id\":\"https:\/\/mindtunenow.com\/group-business-coaching\/#primaryimage\",\"url\":\"https:\/\/mindtunenow.com\/jjwp\/wp-content\/uploads\/2023\/12\/Group-623.png\",\"contentUrl\":\"https:\/\/mindtunenow.com\/jjwp\/wp-content\/uploads\/2023\/12\/Group-623.png\"},{\"@type\":\"BreadcrumbList\",\"@id\":\"https:\/\/mindtunenow.com\/group-business-coaching\/#breadcrumb\",\"itemListElement\":[{\"@type\":\"ListItem\",\"position\":1,\"name\":\"Home\",\"item\":\"https:\/\/mindtunenow.com\/\"},{\"@type\":\"ListItem\",\"position\":2,\"name\":\"Group Business Coaching\"}]},{\"@type\":\"WebSite\",\"@id\":\"https:\/\/mindtunenow.com\/#website\",\"url\":\"https:\/\/mindtunenow.com\/\",\"name\":\"Mindtune\",\"description\":\"Quiet Your Mental Critic. Reconnect To Your TRUE Self.\",\"publisher\":{\"@id\":\"https:\/\/mindtunenow.com\/#organization\"},\"potentialAction\":[{\"@type\":\"SearchAction\",\"target\":{\"@type\":\"EntryPoint\",\"urlTemplate\":\"https:\/\/mindtunenow.com\/?s={search_term_string}\"},\"query-input\":\"required name=search_term_string\"}],\"inLanguage\":\"es\"},{\"@type\":\"Organization\",\"@id\":\"https:\/\/mindtunenow.com\/#organization\",\"name\":\"Mindtune\",\"url\":\"https:\/\/mindtunenow.com\/\",\"logo\":{\"@type\":\"ImageObject\",\"inLanguage\":\"es\",\"@id\":\"https:\/\/mindtunenow.com\/#\/schema\/logo\/image\/\",\"url\":\"https:\/\/mindtunenow.com\/jjwp\/wp-content\/uploads\/2023\/12\/Group-623.png\",\"contentUrl\":\"https:\/\/mindtunenow.com\/jjwp\/wp-content\/uploads\/2023\/12\/Group-623.png\",\"width\":892,\"height\":1004,\"caption\":\"Mindtune\"},\"image\":{\"@id\":\"https:\/\/mindtunenow.com\/#\/schema\/logo\/image\/\"},\"sameAs\":[\"https:\/\/www.facebook.com\/mindtunenow\",\"https:\/\/www.youtube.com\/@mindtunenow\",\"https:\/\/www.instagram.com\/marcoallopez\",\"https:\/\/www.linkedin.com\/in\/entrepreneur-mindset-coach\/\"]}]}<\/script>\n<!-- \/ Yoast SEO plugin. -->","yoast_head_json":{"title":"Group Business Coaching - Mindtune","description":"Train your mind. Improve your results. Rise to the next level with group business coaching. Contact Mindtune at (801)636-5713.","robots":{"index":"index","follow":"follow","max-snippet":"max-snippet:-1","max-image-preview":"max-image-preview:large","max-video-preview":"max-video-preview:-1"},"canonical":"https:\/\/mindtunenow.com\/es\/group-business-coaching\/","og_locale":"es_MX","og_type":"article","og_title":"Group Business Coaching - Mindtune","og_description":"Train your mind. Improve your results. Rise to the next level with group business coaching. Contact Mindtune at (801)636-5713.","og_url":"https:\/\/mindtunenow.com\/es\/group-business-coaching\/","og_site_name":"Mindtune","article_publisher":"https:\/\/www.facebook.com\/mindtunenow","article_modified_time":"2023-12-08T16:33:15+00:00","og_image":[{"url":"https:\/\/mindtunenow.com\/jjwp\/wp-content\/uploads\/2023\/12\/Group-623.png"}],"twitter_card":"summary_large_image","schema":{"@context":"https:\/\/schema.org","@graph":[{"@type":"WebPage","@id":"https:\/\/mindtunenow.com\/group-business-coaching\/","url":"https:\/\/mindtunenow.com\/group-business-coaching\/","name":"Group Business Coaching - Mindtune","isPartOf":{"@id":"https:\/\/mindtunenow.com\/#website"},"primaryImageOfPage":{"@id":"https:\/\/mindtunenow.com\/group-business-coaching\/#primaryimage"},"image":{"@id":"https:\/\/mindtunenow.com\/group-business-coaching\/#primaryimage"},"thumbnailUrl":"https:\/\/mindtunenow.com\/jjwp\/wp-content\/uploads\/2023\/12\/Group-623.png","datePublished":"2023-10-23T17:52:20+00:00","dateModified":"2023-12-08T16:33:15+00:00","description":"Train your mind. Improve your results. Rise to the next level with group business coaching. Contact Mindtune at (801)636-5713.","breadcrumb":{"@id":"https:\/\/mindtunenow.com\/group-business-coaching\/#breadcrumb"},"inLanguage":"es","potentialAction":[{"@type":"ReadAction","target":["https:\/\/mindtunenow.com\/group-business-coaching\/"]}]},{"@type":"ImageObject","inLanguage":"es","@id":"https:\/\/mindtunenow.com\/group-business-coaching\/#primaryimage","url":"https:\/\/mindtunenow.com\/jjwp\/wp-content\/uploads\/2023\/12\/Group-623.png","contentUrl":"https:\/\/mindtunenow.com\/jjwp\/wp-content\/uploads\/2023\/12\/Group-623.png"},{"@type":"BreadcrumbList","@id":"https:\/\/mindtunenow.com\/group-business-coaching\/#breadcrumb","itemListElement":[{"@type":"ListItem","position":1,"name":"Home","item":"https:\/\/mindtunenow.com\/"},{"@type":"ListItem","position":2,"name":"Group Business Coaching"}]},{"@type":"WebSite","@id":"https:\/\/mindtunenow.com\/#website","url":"https:\/\/mindtunenow.com\/","name":"Mindtune","description":"Quiet Your Mental Critic. Reconnect To Your TRUE Self.","publisher":{"@id":"https:\/\/mindtunenow.com\/#organization"},"potentialAction":[{"@type":"SearchAction","target":{"@type":"EntryPoint","urlTemplate":"https:\/\/mindtunenow.com\/?s={search_term_string}"},"query-input":"required name=search_term_string"}],"inLanguage":"es"},{"@type":"Organization","@id":"https:\/\/mindtunenow.com\/#organization","name":"Mindtune","url":"https:\/\/mindtunenow.com\/","logo":{"@type":"ImageObject","inLanguage":"es","@id":"https:\/\/mindtunenow.com\/#\/schema\/logo\/image\/","url":"https:\/\/mindtunenow.com\/jjwp\/wp-content\/uploads\/2023\/12\/Group-623.png","contentUrl":"https:\/\/mindtunenow.com\/jjwp\/wp-content\/uploads\/2023\/12\/Group-623.png","width":892,"height":1004,"caption":"Mindtune"},"image":{"@id":"https:\/\/mindtunenow.com\/#\/schema\/logo\/image\/"},"sameAs":["https:\/\/www.facebook.com\/mindtunenow","https:\/\/www.youtube.com\/@mindtunenow","https:\/\/www.instagram.com\/marcoallopez","https:\/\/www.linkedin.com\/in\/entrepreneur-mindset-coach\/"]}]}},"_links":{"self":[{"href":"https:\/\/mindtunenow.com\/es\/wp-json\/wp\/v2\/pages\/106","targetHints":{"allow":["GET"]}}],"collection":[{"href":"https:\/\/mindtunenow.com\/es\/wp-json\/wp\/v2\/pages"}],"about":[{"href":"https:\/\/mindtunenow.com\/es\/wp-json\/wp\/v2\/types\/page"}],"author":[{"embeddable":true,"href":"https:\/\/mindtunenow.com\/es\/wp-json\/wp\/v2\/users\/1"}],"replies":[{"embeddable":true,"href":"https:\/\/mindtunenow.com\/es\/wp-json\/wp\/v2\/comments?post=106"}],"version-history":[{"count":55,"href":"https:\/\/mindtunenow.com\/es\/wp-json\/wp\/v2\/pages\/106\/revisions"}],"predecessor-version":[{"id":634,"href":"https:\/\/mindtunenow.com\/es\/wp-json\/wp\/v2\/pages\/106\/revisions\/634"}],"wp:attachment":[{"href":"https:\/\/mindtunenow.com\/es\/wp-json\/wp\/v2\/media?parent=106"}],"curies":[{"name":"wp","href":"https:\/\/api.w.org\/{rel}","templated":true}]}}