{"id":126,"date":"2023-10-24T09:04:42","date_gmt":"2023-10-24T15:04:42","guid":{"rendered":"https:\/\/mindtune.livebuilder.net\/jjwp\/?page_id=126"},"modified":"2023-12-06T15:27:42","modified_gmt":"2023-12-06T22:27:42","slug":"one-on-one-business-coaching","status":"publish","type":"page","link":"http:\/\/mindtunenow.com\/pt\/one-on-one-business-coaching\/","title":{"rendered":"Coaching Empresarial Individual"},"content":{"rendered":"<h1>\n\t\tCoaching Empresarial Individual\n\t<\/h1>\n\t<h2>Voc\u00ea se encontrar\u00e1 diretamente com um coach da Mindtune para discutir como melhorar seu foco, clareza, confian\u00e7a e felicidade.<\/h2>\n\t\t\t<a href=\"http:\/\/mindtunenow.com\/pt\/schedule-now\/\" target=\"_self\" rel=\"noopener\">\n\t\t\t\t\t\t\tComece agora.\n\t\t\t\t\t<\/a>\n<h2>\n\t\tCoaching Empresarial Individual<br \/>Mostra uma maneira mais f\u00e1cil de:\n\t<\/h2>\n\t<ul>\n<li aria-level=\"1\">Traga a sua singularidade \u00e0 tona para que voc\u00ea possa v\u00ea-la claramente.\u00a0\u00a0<\/li>\n<li aria-level=\"1\">Conecte-se com aquelas coisas que te fazem feliz e mais realizado.<\/li>\n<li aria-level=\"1\">Defina o que VOC\u00ca realmente quer e desenvolva as habilidades para manter o foco nisso.<\/li>\n<li aria-level=\"1\">Navegue pela incerteza com mais confian\u00e7a e alegria<\/li>\n<li aria-level=\"1\">Conecte-se com SEU prop\u00f3sito maior.<\/li>\n<li aria-level=\"1\">Set &#8220;improbable&#8221; goals and achieve them all.<\/li>\n<li aria-level=\"1\">Melhore os resultados nos neg\u00f3cios e em todos os aspectos de sua vida a partir de um n\u00edvel fundamental.<\/li>\n<li aria-level=\"1\">Aprenda a permanecer calmo e relaxado, independentemente dos seus resultados.<\/li>\n<\/ul>\n<h2>\n\t\tO que voc\u00ea aprender\u00e1 para melhorar?\n\t<\/h2>\n<h3>\n\t\tFoco\n\t<\/h3>\n\t<p>Identifique seus desejos genu\u00ednos e direcione seus esfor\u00e7os para eles. Reconhe\u00e7a e assuma a responsabilidade pelo poder de moldar o seu destino.\u00a0 <\/p>\n<h3>\n\t\tClareza\n\t<\/h3>\n\t<p>Permane\u00e7a calmo, relaxado e totalmente capaz ao buscar metas muito al\u00e9m da sua realidade atual, permitindo que voc\u00ea expanda sua capacidade geral.<\/p>\n<h3>\n\t\tConfian\u00e7a\n\t<\/h3>\n\t<p>Irradie confian\u00e7a de dentro para fora. Elimine sua depend\u00eancia de valida\u00e7\u00f5es externas e circunst\u00e2ncias, desenvolvendo estabilidade nos seus resultados.\u00a0\u00a0\u00a0\u00a0\u00a0<\/p>\n<h3>\n\t\tFelicidade\n\t<\/h3>\n\t<p>Accept and repeat a practical formula leading to <i>felicidade genu\u00edna<\/i> e <i>realiza\u00e7\u00e3o<\/i>. Boost results in your business and personal life.\u00a0\u00a0<\/p>\n\t\t\t\t<img loading=\"lazy\" decoding=\"async\" src=\"https:\/\/mindtunenow.com\/jjwp\/wp-content\/uploads\/2023\/12\/Group-623.png\" alt=\"Marco Lopez, CEO of Mindtune\" itemprop=\"image\" height=\"1004\" width=\"892\" title=\"Marco in teardrop\" onerror=\"this.style.display='none'\"  \/>\n<h2>\n\t\tMarco Lopez: <br \/>Abra\u00e7a o que te traz alegria.\n\t<\/h2>\n\t<p>As a kid, I liked to explore nature and express my own creative ideas through drawing and singing. These activities made me feel alive! As I grew, I felt pressure to think about a &#8220;practical career&#8221; and let go of the authentic qualities that brought me joy. I really believed I had to choose between my happiness and the ability to provide a good living for my family. I didn&#8217;t want to live like that! I chose to learn strategies to reduce external influences and embrace what made me smile. I pursued what was right for me. Learning to listen to my authentic self has been the most accurate compass in my life.\u00a0 Because of my story, I&#8217;m passionate about helping others find their authentic path.<\/p>\n\t\t\t<a href=\"http:\/\/mindtunenow.com\/pt\/about-mindtune\/\" target=\"_self\" rel=\"noopener\">\n\t\t\t\t\t\t\tSaber Mais\n\t\t\t\t\t<\/a>\n<h2>\n\t\tComo funciona?\n\t<\/h2>\n\t<p>If you&#8217;re hesitant to pick up the phone, we understand! Make a bold decision NOW to invest your energy into creating a better version of YOU. Mindtune invites you to chat with us to discover a new beginning. You&#8217;ll meet a guide who provides consistent, virtual instruction on a personal level. We&#8217;ll throw open our doors and give you access to our library of online tools and resources. The curriculum will place you on a personal journey to increase your awareness and unveil buried truths about yourself. We set out on the exploration together, taking it at your pace. Mindtune supports you as you apply these strategies to create incredible results in the midst of uncertainty.\u00a0<\/p>\n\t\t\t<a href=\"http:\/\/mindtunenow.com\/pt\/schedule-now\/\" target=\"_self\" rel=\"noopener\">\n\t\t\t\t\t\t\tComece agora.\n\t\t\t\t\t<\/a>\n\t\t\t\t<img loading=\"lazy\" decoding=\"async\" src=\"https:\/\/mindtunenow.com\/jjwp\/wp-content\/uploads\/2023\/12\/isolated_tablet_laptop_and_smartphone_composition.png\" alt=\"What you get from a Mindtune Coaching\" itemprop=\"image\" height=\"573\" width=\"880\" title=\"isolated_tablet_laptop_and_smartphone_composition\" onerror=\"this.style.display='none'\"  \/>\n<h2>\n\t\tCurr\u00edculo de Mindtune \n\t<\/h2>\n<h2>\n\t\tFoco\n\t<\/h2>\n\t<p>Antes de poder alcan\u00e7ar, voc\u00ea precisa saber o que deseja alcan\u00e7ar. Ao lan\u00e7ar as bases com aspira\u00e7\u00f5es genu\u00ednas, voc\u00ea inicia uma jornada com um destino claro.<\/p>\n<p>&nbsp;<\/p>\n<img decoding=\"async\" src=\"https:\/\/mindtunenow.com\/jjwp\/wp-content\/uploads\/2023\/11\/Icon-awesome-check-circle.png\" alt=\"Checkmark\" \/> Defina o que voc\u00ea realmente quer.<br \/>\n<img decoding=\"async\" src=\"https:\/\/mindtunenow.com\/jjwp\/wp-content\/uploads\/2023\/11\/Icon-awesome-check-circle.png\" alt=\"Checkmark\" \/> Receba as ferramentas para ajud\u00e1-lo a ter sucesso<br \/>\n<img decoding=\"async\" src=\"https:\/\/mindtunenow.com\/jjwp\/wp-content\/uploads\/2023\/11\/Icon-awesome-check-circle.png\" alt=\"Checkmark\" \/> Estabele\u00e7a metas oce\u00e2nicas e metas de marcos.<br \/>\n<img decoding=\"async\" src=\"https:\/\/mindtunenow.com\/jjwp\/wp-content\/uploads\/2023\/11\/Icon-awesome-check-circle.png\" alt=\"Checkmark\" \/> Crie o roteiro do seu eu superior.\n<h2>\n\t\t Clareza\n\t<\/h2>\n\t<p>Esta se\u00e7\u00e3o te equipa com ferramentas para manter uma mente tranquila. Ao fazer isso, voc\u00ea acessa n\u00edveis inigual\u00e1veis de insight, garantindo que cada decis\u00e3o seja informada e cada passo tenha um prop\u00f3sito.<\/p>\n<img decoding=\"async\" src=\"https:\/\/mindtunenow.com\/jjwp\/wp-content\/uploads\/2023\/11\/Icon-awesome-check-circle.png\" alt=\"Checkmark\" \/> Aprenda a alavancar o poder do seu subconsciente.<br \/>\n<img decoding=\"async\" src=\"https:\/\/mindtunenow.com\/jjwp\/wp-content\/uploads\/2023\/11\/Icon-awesome-check-circle.png\" alt=\"Checkmark\" \/> Experimente como tudo na sua vida melhora.<br \/>\n<img decoding=\"async\" src=\"https:\/\/mindtunenow.com\/jjwp\/wp-content\/uploads\/2023\/11\/Icon-awesome-check-circle.png\" alt=\"Checkmark\" \/> Aprenda a chave para estar presente.<br \/>\n<img decoding=\"async\" src=\"https:\/\/mindtunenow.com\/jjwp\/wp-content\/uploads\/2023\/11\/Icon-awesome-check-circle.png\" alt=\"Checkmark\" \/> Aprenda a viver a partir de um patamar mais elevado.\n<h2>\n\t\tConfian\u00e7a\n\t<\/h2>\n\t<p>\u00a0Esta se\u00e7\u00e3o enfatiza uma verdade fundamental: VOC\u00ca \u00e9 o arquiteto do seu destino. Ao depender mais do seu poder inato, voc\u00ea aprende a moldar suas circunst\u00e2ncias externas de dentro para fora.\u00a0<\/p>\n<p>&nbsp;<\/p>\n<img decoding=\"async\" src=\"https:\/\/mindtunenow.com\/jjwp\/wp-content\/uploads\/2023\/11\/Icon-awesome-check-circle.png\" alt=\"Checkmark\" \/> Identifique e substitua os conceitos falsos que est\u00e3o impedindo o seu progresso.<br \/>\n<img decoding=\"async\" src=\"https:\/\/mindtunenow.com\/jjwp\/wp-content\/uploads\/2023\/11\/Icon-awesome-check-circle.png\" alt=\"Checkmark\" \/> Aprenda a lidar com seus dem\u00f4nios e mudar sua frequ\u00eancia.<br \/>\n<img decoding=\"async\" src=\"https:\/\/mindtunenow.com\/jjwp\/wp-content\/uploads\/2023\/11\/Icon-awesome-check-circle.png\" alt=\"Checkmark\" \/> Conecte-se a um prop\u00f3sito maior como seu ponto de apoio.<br \/>\n<img decoding=\"async\" src=\"https:\/\/mindtunenow.com\/jjwp\/wp-content\/uploads\/2023\/11\/Icon-awesome-check-circle.png\" alt=\"Checkmark\" \/> Aprenda a tocar levemente tudo o mais.\n<h2>\n\t\tFelicidade\n\t<\/h2>\n\t<p>The happiness segment isn&#8217;t a new lesson; it&#8217;s a realization of the principles you&#8217;ve embodied throughout your journey. You learn to repeat the process of unearthing profound self-discoveries and authentic joy.<\/p>\n<p>&nbsp;<\/p>\n<img decoding=\"async\" src=\"https:\/\/mindtunenow.com\/jjwp\/wp-content\/uploads\/2023\/11\/Icon-awesome-check-circle.png\" alt=\"Checkmark\" \/> Aprenda o Segredo da Felicidade<br \/>\n<img decoding=\"async\" src=\"https:\/\/mindtunenow.com\/jjwp\/wp-content\/uploads\/2023\/11\/Icon-awesome-check-circle.png\" alt=\"Checkmark\" \/> Aprenda a usar e aplicar consistentemente a f\u00f3rmula S.O.N.G. para os seus melhores resultados.<br \/>\n<img decoding=\"async\" src=\"https:\/\/mindtunenow.com\/jjwp\/wp-content\/uploads\/2023\/11\/Icon-awesome-check-circle.png\" alt=\"Checkmark\" \/> Descubra um novo n\u00edvel de controle que voc\u00ea sempre tem<br \/>\n<img decoding=\"async\" src=\"https:\/\/mindtunenow.com\/jjwp\/wp-content\/uploads\/2023\/11\/Icon-awesome-check-circle.png\" alt=\"Checkmark\" \/> Aprenda e experimente o poder de Para e Atrav\u00e9s\n\t\t\t\t<img loading=\"lazy\" decoding=\"async\" src=\"https:\/\/mindtunenow.com\/jjwp\/wp-content\/uploads\/2023\/12\/What-will-work-best-image.png\" alt=\"What will work best for your schedule?\" itemprop=\"image\" height=\"1126\" width=\"564\" title=\"What will work best image\" onerror=\"this.style.display='none'\"  \/>\n<h2>\n\t\tO que est\u00e1 inclu\u00eddo?\n\t<\/h2>\n\t<p><b>Sess\u00f5es Semanais de Coaching Individual:<\/b><\/p>\n<p>Cada sess\u00e3o de coaching \u00e9 um passo \u00e0 frente na sua jornada transformadora, desbloqueando um crescimento e potencial sem igual. Junte-se a n\u00f3s e experimente a mudan\u00e7a.<\/p>\n<p><b>\u00a0<\/b><\/p>\n<p><b>Curso de Inova\u00e7\u00e3o com Prop\u00f3sito (24 semanas):<\/b><\/p>\n<p>Experience deep transformation with the support of our flagship online course. Over six months, under the guidance of a dedicated guide, you&#8217;ll apply Mindtune&#8217;s methodology across diverse life and business scenarios.<\/p>\n<p><b>\u00a0<\/b><\/p>\n<p><b>A Experi\u00eancia em Chiapas, M\u00e9xico (4 dias):<\/b><\/p>\n<p>Embarque em uma jornada intensiva de 4 dias em Chiapas, M\u00e9xico (opcional). Essa experi\u00eancia imersiva, enriquecida pela nossa metodologia \u00fanica, promove insights profundos e v\u00ednculos entre os participantes, por meio de uma plataforma que colocar\u00e1 em pr\u00e1tica tudo o que foi aprendido ao longo do curso.<\/p>\n<p>\u00a0<\/p>\n\t\t\t<a href=\"http:\/\/mindtunenow.com\/pt\/schedule-now\/\" target=\"_self\" rel=\"noopener\">\n\t\t\t\t\t\t\tComece agora.\n\t\t\t\t\t<\/a>\n<h2>\n\t\tPreguntas Frecuentes\n\t<\/h2>\n\t\t\t\t\t\t<h5 tabindex=\"0\">Voc\u00ea pode explicar o formato e conte\u00fado da sua experi\u00eancia de coaching individual?<\/h5>\n\t\t\tMindtune&#8217;s one-on-one coaching is a powerful format for gaining deep awareness and improving overall results. Following the same core ideas as group coaching, these personalized sessions with an elite mindset coach cater to individual challenges and follow a structured approach.\n\t\t\t\t\t\t<h5 tabindex=\"0\">Como o Mindtune atende a indiv\u00edduos que se sentem emocionalmente bloqueados ou estagnados?<\/h5>\n\t\t\tMindtune mostra uma maneira simples de liberar o peso mental, ajudando os clientes a se conectar consigo mesmos e fazer escolhas aut\u00eanticas para o cumprimento pessoal e profissional.\n\t\t\t\t\t\t<h5 tabindex=\"0\">Como o Mindtune auxilia empreendedores e l\u00edderes a superar bagagens emocionais e incertezas?<\/h5>\n\t\t\tO Mindtune ajuda empreendedores e l\u00edderes a limparem suas mentes conscientes, permitindo que se conectem consigo mesmos, fa\u00e7am escolhas aut\u00eanticas e enfrentem desafios de lideran\u00e7a mantendo-se fi\u00e9is a si mesmos.\n\t\t\t\t\t\t<h5 tabindex=\"0\">Quais servi\u00e7os espec\u00edficos a Mindtune oferece?<\/h5>\n\t\t\tA Mindtune oferece coaching individual, coaching em grupo, retiros internacionais, coaching online, workshops empresariais ao vivo e concertos magistrais. Esses servi\u00e7os t\u00eam como objetivo ajudar os clientes a definir o que realmente desejam e desenvolver habilidades pr\u00e1ticas para viver em harmonia com essas aspira\u00e7\u00f5es em seus n\u00edveis mais elevados de capacidade.\n\t\t\t\t\t\t<h5 tabindex=\"0\">Como o Mindtune aborda o desafio global do aumento do ru\u00eddo e da sobrecarga mental no mundo?<\/h5>\n\t\t\tO Mindtune oferece estrat\u00e9gias para ajudar as pessoas a terem clareza sobre seus desejos, focar no que realmente importa e restaurar as mentes claras e capazes que tinham na inf\u00e2ncia.\n\t\t\t\t\t\t<h5 tabindex=\"0\">Como o Mindtune pode ajudar a alcan\u00e7ar uma vida mais realizada, orientada por prop\u00f3sito?<\/h5>\n\t\t\tMindtune ajuda os clientes a alcan\u00e7arem uma vida com prop\u00f3sito e satisfat\u00f3ria ao ajud\u00e1-los a se conectar com sua ess\u00eancia, descobrir seu prop\u00f3sito e permanecer conectados com seu eu aut\u00eantico para obter resultados aprimorados e felicidade.\n<h2>\n\t\tPronto para criar aquele momento que mudar\u00e1 sua vida?\n\t<\/h2>\n\t<p>Encontre um coach de apoio que oferecer\u00e1 estrat\u00e9gias para o crescimento pessoal e bem-estar. Essa expedi\u00e7\u00e3o nunca foi destinada a ser feita sozinha. Reconecte-se com seu eu mais verdadeiro e embarque em uma jornada rumo a uma mentalidade mais saud\u00e1vel e empoderada.\u00a0<\/p>\n<p>&nbsp;<\/p>\n\t\t\t<a href=\"http:\/\/mindtunenow.com\/pt\/schedule-now\/\" target=\"_self\" rel=\"noopener\">\n\t\t\t\t\t\t\tComece agora.\n\t\t\t\t\t<\/a>","protected":false},"excerpt":{"rendered":"<p>One-On-One Business Coaching You will meet directly with a Mindtune coach to discuss how to improve your focus, clarity, confidence and happiness. Begin Now! One-On-One Business CoachingShows You An Easier Way To: Bring your uniqueness to the surface so that you can see it clearly.\u00a0\u00a0 Connect with those things that make you happy and more&hellip;<\/p>","protected":false},"author":1,"featured_media":0,"parent":0,"menu_order":0,"comment_status":"closed","ping_status":"closed","template":"","meta":{"_monsterinsights_skip_tracking":false,"_monsterinsights_sitenote_active":false,"_monsterinsights_sitenote_note":"","_monsterinsights_sitenote_category":0,"footnotes":""},"class_list":["post-126","page","type-page","status-publish","hentry"],"yoast_head":"<!-- This site is optimized with the Yoast SEO plugin v22.8 - https:\/\/yoast.com\/wordpress\/plugins\/seo\/ -->\n<title>One-on-One Business Coaching | Mindtune<\/title>\n<meta name=\"description\" content=\"Wake up every day excited about a purpose bigger than yourself. Schedule one on one business coaching with Mindtune at (385) 853-1208.\" \/>\n<meta name=\"robots\" content=\"index, follow, max-snippet:-1, max-image-preview:large, max-video-preview:-1\" \/>\n<link rel=\"canonical\" href=\"http:\/\/mindtunenow.com\/pt\/one-on-one-business-coaching\/\" \/>\n<meta property=\"og:locale\" content=\"pt_BR\" \/>\n<meta property=\"og:type\" content=\"article\" \/>\n<meta property=\"og:title\" content=\"One-on-One Business Coaching | Mindtune\" \/>\n<meta property=\"og:description\" content=\"Wake up every day excited about a purpose bigger than yourself. Schedule one on one business coaching with Mindtune at (385) 853-1208.\" \/>\n<meta property=\"og:url\" content=\"http:\/\/mindtunenow.com\/pt\/one-on-one-business-coaching\/\" \/>\n<meta property=\"og:site_name\" content=\"Mindtune\" \/>\n<meta property=\"article:publisher\" content=\"https:\/\/www.facebook.com\/mindtunenow\" \/>\n<meta property=\"article:modified_time\" content=\"2023-12-06T22:27:42+00:00\" \/>\n<meta property=\"og:image\" content=\"https:\/\/mindtunenow.com\/jjwp\/wp-content\/uploads\/2023\/12\/Group-623.png\" \/>\n<meta name=\"twitter:card\" content=\"summary_large_image\" \/>\n<script type=\"application\/ld+json\" class=\"yoast-schema-graph\">{\"@context\":\"https:\/\/schema.org\",\"@graph\":[{\"@type\":\"WebPage\",\"@id\":\"https:\/\/mindtunenow.com\/one-on-one-business-coaching\/\",\"url\":\"https:\/\/mindtunenow.com\/one-on-one-business-coaching\/\",\"name\":\"One-on-One Business Coaching | Mindtune\",\"isPartOf\":{\"@id\":\"https:\/\/mindtunenow.com\/#website\"},\"primaryImageOfPage\":{\"@id\":\"https:\/\/mindtunenow.com\/one-on-one-business-coaching\/#primaryimage\"},\"image\":{\"@id\":\"https:\/\/mindtunenow.com\/one-on-one-business-coaching\/#primaryimage\"},\"thumbnailUrl\":\"https:\/\/mindtunenow.com\/jjwp\/wp-content\/uploads\/2023\/12\/Group-623.png\",\"datePublished\":\"2023-10-24T15:04:42+00:00\",\"dateModified\":\"2023-12-06T22:27:42+00:00\",\"description\":\"Wake up every day excited about a purpose bigger than yourself. Schedule one on one business coaching with Mindtune at (385) 853-1208.\",\"breadcrumb\":{\"@id\":\"https:\/\/mindtunenow.com\/one-on-one-business-coaching\/#breadcrumb\"},\"inLanguage\":\"pt-BR\",\"potentialAction\":[{\"@type\":\"ReadAction\",\"target\":[\"https:\/\/mindtunenow.com\/one-on-one-business-coaching\/\"]}]},{\"@type\":\"ImageObject\",\"inLanguage\":\"pt-BR\",\"@id\":\"https:\/\/mindtunenow.com\/one-on-one-business-coaching\/#primaryimage\",\"url\":\"https:\/\/mindtunenow.com\/jjwp\/wp-content\/uploads\/2023\/12\/Group-623.png\",\"contentUrl\":\"https:\/\/mindtunenow.com\/jjwp\/wp-content\/uploads\/2023\/12\/Group-623.png\"},{\"@type\":\"BreadcrumbList\",\"@id\":\"https:\/\/mindtunenow.com\/one-on-one-business-coaching\/#breadcrumb\",\"itemListElement\":[{\"@type\":\"ListItem\",\"position\":1,\"name\":\"Home\",\"item\":\"https:\/\/mindtunenow.com\/\"},{\"@type\":\"ListItem\",\"position\":2,\"name\":\"One-on-One Coaching\"}]},{\"@type\":\"WebSite\",\"@id\":\"https:\/\/mindtunenow.com\/#website\",\"url\":\"https:\/\/mindtunenow.com\/\",\"name\":\"Mindtune\",\"description\":\"Quiet Your Mental Critic. Reconnect To Your TRUE Self.\",\"publisher\":{\"@id\":\"https:\/\/mindtunenow.com\/#organization\"},\"potentialAction\":[{\"@type\":\"SearchAction\",\"target\":{\"@type\":\"EntryPoint\",\"urlTemplate\":\"https:\/\/mindtunenow.com\/?s={search_term_string}\"},\"query-input\":\"required name=search_term_string\"}],\"inLanguage\":\"pt-BR\"},{\"@type\":\"Organization\",\"@id\":\"https:\/\/mindtunenow.com\/#organization\",\"name\":\"Mindtune\",\"url\":\"https:\/\/mindtunenow.com\/\",\"logo\":{\"@type\":\"ImageObject\",\"inLanguage\":\"pt-BR\",\"@id\":\"https:\/\/mindtunenow.com\/#\/schema\/logo\/image\/\",\"url\":\"https:\/\/mindtunenow.com\/jjwp\/wp-content\/uploads\/2023\/12\/Group-623.png\",\"contentUrl\":\"https:\/\/mindtunenow.com\/jjwp\/wp-content\/uploads\/2023\/12\/Group-623.png\",\"width\":892,\"height\":1004,\"caption\":\"Mindtune\"},\"image\":{\"@id\":\"https:\/\/mindtunenow.com\/#\/schema\/logo\/image\/\"},\"sameAs\":[\"https:\/\/www.facebook.com\/mindtunenow\",\"https:\/\/www.youtube.com\/@mindtunenow\",\"https:\/\/www.instagram.com\/marcoallopez\",\"https:\/\/www.linkedin.com\/in\/entrepreneur-mindset-coach\/\"]}]}<\/script>\n<!-- \/ Yoast SEO plugin. -->","yoast_head_json":{"title":"One-on-One Business Coaching | Mindtune","description":"Wake up every day excited about a purpose bigger than yourself. Schedule one on one business coaching with Mindtune at (385) 853-1208.","robots":{"index":"index","follow":"follow","max-snippet":"max-snippet:-1","max-image-preview":"max-image-preview:large","max-video-preview":"max-video-preview:-1"},"canonical":"http:\/\/mindtunenow.com\/pt\/one-on-one-business-coaching\/","og_locale":"pt_BR","og_type":"article","og_title":"One-on-One Business Coaching | Mindtune","og_description":"Wake up every day excited about a purpose bigger than yourself. Schedule one on one business coaching with Mindtune at (385) 853-1208.","og_url":"http:\/\/mindtunenow.com\/pt\/one-on-one-business-coaching\/","og_site_name":"Mindtune","article_publisher":"https:\/\/www.facebook.com\/mindtunenow","article_modified_time":"2023-12-06T22:27:42+00:00","og_image":[{"url":"https:\/\/mindtunenow.com\/jjwp\/wp-content\/uploads\/2023\/12\/Group-623.png"}],"twitter_card":"summary_large_image","schema":{"@context":"https:\/\/schema.org","@graph":[{"@type":"WebPage","@id":"https:\/\/mindtunenow.com\/one-on-one-business-coaching\/","url":"https:\/\/mindtunenow.com\/one-on-one-business-coaching\/","name":"One-on-One Business Coaching | Mindtune","isPartOf":{"@id":"https:\/\/mindtunenow.com\/#website"},"primaryImageOfPage":{"@id":"https:\/\/mindtunenow.com\/one-on-one-business-coaching\/#primaryimage"},"image":{"@id":"https:\/\/mindtunenow.com\/one-on-one-business-coaching\/#primaryimage"},"thumbnailUrl":"https:\/\/mindtunenow.com\/jjwp\/wp-content\/uploads\/2023\/12\/Group-623.png","datePublished":"2023-10-24T15:04:42+00:00","dateModified":"2023-12-06T22:27:42+00:00","description":"Wake up every day excited about a purpose bigger than yourself. Schedule one on one business coaching with Mindtune at (385) 853-1208.","breadcrumb":{"@id":"https:\/\/mindtunenow.com\/one-on-one-business-coaching\/#breadcrumb"},"inLanguage":"pt-BR","potentialAction":[{"@type":"ReadAction","target":["https:\/\/mindtunenow.com\/one-on-one-business-coaching\/"]}]},{"@type":"ImageObject","inLanguage":"pt-BR","@id":"https:\/\/mindtunenow.com\/one-on-one-business-coaching\/#primaryimage","url":"https:\/\/mindtunenow.com\/jjwp\/wp-content\/uploads\/2023\/12\/Group-623.png","contentUrl":"https:\/\/mindtunenow.com\/jjwp\/wp-content\/uploads\/2023\/12\/Group-623.png"},{"@type":"BreadcrumbList","@id":"https:\/\/mindtunenow.com\/one-on-one-business-coaching\/#breadcrumb","itemListElement":[{"@type":"ListItem","position":1,"name":"Home","item":"https:\/\/mindtunenow.com\/"},{"@type":"ListItem","position":2,"name":"One-on-One Coaching"}]},{"@type":"WebSite","@id":"https:\/\/mindtunenow.com\/#website","url":"https:\/\/mindtunenow.com\/","name":"Mindtune","description":"Quiet Your Mental Critic. Reconnect To Your TRUE Self.","publisher":{"@id":"https:\/\/mindtunenow.com\/#organization"},"potentialAction":[{"@type":"SearchAction","target":{"@type":"EntryPoint","urlTemplate":"https:\/\/mindtunenow.com\/?s={search_term_string}"},"query-input":"required name=search_term_string"}],"inLanguage":"pt-BR"},{"@type":"Organization","@id":"https:\/\/mindtunenow.com\/#organization","name":"Mindtune","url":"https:\/\/mindtunenow.com\/","logo":{"@type":"ImageObject","inLanguage":"pt-BR","@id":"https:\/\/mindtunenow.com\/#\/schema\/logo\/image\/","url":"https:\/\/mindtunenow.com\/jjwp\/wp-content\/uploads\/2023\/12\/Group-623.png","contentUrl":"https:\/\/mindtunenow.com\/jjwp\/wp-content\/uploads\/2023\/12\/Group-623.png","width":892,"height":1004,"caption":"Mindtune"},"image":{"@id":"https:\/\/mindtunenow.com\/#\/schema\/logo\/image\/"},"sameAs":["https:\/\/www.facebook.com\/mindtunenow","https:\/\/www.youtube.com\/@mindtunenow","https:\/\/www.instagram.com\/marcoallopez","https:\/\/www.linkedin.com\/in\/entrepreneur-mindset-coach\/"]}]}},"_links":{"self":[{"href":"http:\/\/mindtunenow.com\/pt\/wp-json\/wp\/v2\/pages\/126","targetHints":{"allow":["GET"]}}],"collection":[{"href":"http:\/\/mindtunenow.com\/pt\/wp-json\/wp\/v2\/pages"}],"about":[{"href":"http:\/\/mindtunenow.com\/pt\/wp-json\/wp\/v2\/types\/page"}],"author":[{"embeddable":true,"href":"http:\/\/mindtunenow.com\/pt\/wp-json\/wp\/v2\/users\/1"}],"replies":[{"embeddable":true,"href":"http:\/\/mindtunenow.com\/pt\/wp-json\/wp\/v2\/comments?post=126"}],"version-history":[{"count":38,"href":"http:\/\/mindtunenow.com\/pt\/wp-json\/wp\/v2\/pages\/126\/revisions"}],"predecessor-version":[{"id":622,"href":"http:\/\/mindtunenow.com\/pt\/wp-json\/wp\/v2\/pages\/126\/revisions\/622"}],"wp:attachment":[{"href":"http:\/\/mindtunenow.com\/pt\/wp-json\/wp\/v2\/media?parent=126"}],"curies":[{"name":"wp","href":"https:\/\/api.w.org\/{rel}","templated":true}]}}