{"id":126,"date":"2023-10-24T09:04:42","date_gmt":"2023-10-24T15:04:42","guid":{"rendered":"https:\/\/mindtune.livebuilder.net\/jjwp\/?page_id=126"},"modified":"2023-12-06T15:27:42","modified_gmt":"2023-12-06T22:27:42","slug":"one-on-one-business-coaching","status":"publish","type":"page","link":"http:\/\/mindtunenow.com\/es\/one-on-one-business-coaching\/","title":{"rendered":"Coaching de Negocios Individual"},"content":{"rendered":"<h1>\n\t\tCoaching Empresarial Individual\n\t<\/h1>\n\t<h2>Te reunir\u00e1s directamente con un coach de Mindtune para discutir c\u00f3mo mejorar tu enfoque, claridad, confianza y felicidad.<\/h2>\n\t\t\t<a href=\"http:\/\/mindtunenow.com\/es\/schedule-now\/\" target=\"_self\" rel=\"noopener\">\n\t\t\t\t\t\t\tComienza ahora.\n\t\t\t\t\t<\/a>\n<h2>\n\t\tCoaching Empresarial Individual<br \/>Te muestra una manera m\u00e1s f\u00e1cil de:\n\t<\/h2>\n\t<ul>\n<li aria-level=\"1\">Lleva tu singularidad a la superficie para que puedas verla claramente.\u00a0\u00a0<\/li>\n<li aria-level=\"1\">Con\u00e9ctate con aquellas cosas que te hacen feliz y m\u00e1s pleno.<\/li>\n<li aria-level=\"1\">Define lo que REALMENTE quieres y desarrolla las habilidades para mantener el enfoque en ello.<\/li>\n<li aria-level=\"1\">Navega por la incertidumbre con mayor confianza y alegr\u00eda.<\/li>\n<li aria-level=\"1\">Con\u00e9ctate con TU prop\u00f3sito superior.<\/li>\n<li aria-level=\"1\">Set &#8220;improbable&#8221; goals and achieve them all.<\/li>\n<li aria-level=\"1\">Mejorar los resultados en los negocios y en cada aspecto de tu vida desde un nivel fundamental<\/li>\n<li aria-level=\"1\">Aprende a mantenerte tranquilo y relajado independientemente de tus resultados.<\/li>\n<\/ul>\n<h2>\n\t\t\u00bfQu\u00e9 aprender\u00e1s para mejorar?\n\t<\/h2>\n<h3>\n\t\tEnfoque\n\t<\/h3>\n\t<p>Identifica tus deseos genuinos y enfoca tus esfuerzos en ellos. Reconoce y asume la responsabilidad del poder para dar forma a tu destino.\u00a0 <\/p>\n<h3>\n\t\tClaridad\n\t<\/h3>\n\t<p>Permanece tranquilo, relajado y plenamente capaz mientras te esfuerzas por metas mucho m\u00e1s all\u00e1 de tu realidad actual, lo que te permite expandir tu capacidad general.<\/p>\n<h3>\n\t\tConfianza\n\t<\/h3>\n\t<p>Irradia confianza desde adentro. Elimina tu dependencia de validaciones externas y circunstancias, desarrollando firmeza en tus resultados.\u00a0\u00a0\u00a0\u00a0\u00a0<\/p>\n<h3>\n\t\tFelicidad\n\t<\/h3>\n\t<p>Accept and repeat a practical formula leading to <i>felicidad genuina<\/i> y <i>plenitud<\/i>. Boost results in your business and personal life.\u00a0\u00a0<\/p>\n\t\t\t\t<img loading=\"lazy\" decoding=\"async\" src=\"https:\/\/mindtunenow.com\/jjwp\/wp-content\/uploads\/2023\/12\/Group-623.png\" alt=\"Marco Lopez, CEO of Mindtune\" itemprop=\"image\" height=\"1004\" width=\"892\" title=\"Marco in teardrop\" onerror=\"this.style.display='none'\"  \/>\n<h2>\n\t\tMarco Lopez: <br \/>Acepta lo que te trae alegr\u00eda.\n\t<\/h2>\n\t<p>As a kid, I liked to explore nature and express my own creative ideas through drawing and singing. These activities made me feel alive! As I grew, I felt pressure to think about a &#8220;practical career&#8221; and let go of the authentic qualities that brought me joy. I really believed I had to choose between my happiness and the ability to provide a good living for my family. I didn&#8217;t want to live like that! I chose to learn strategies to reduce external influences and embrace what made me smile. I pursued what was right for me. Learning to listen to my authentic self has been the most accurate compass in my life.\u00a0 Because of my story, I&#8217;m passionate about helping others find their authentic path.<\/p>\n\t\t\t<a href=\"http:\/\/mindtunenow.com\/es\/about-mindtune\/\" target=\"_self\" rel=\"noopener\">\n\t\t\t\t\t\t\tSaber M\u00e1s\n\t\t\t\t\t<\/a>\n<h2>\n\t\t\u00bfC\u00f3mo funciona?\n\t<\/h2>\n\t<p>If you&#8217;re hesitant to pick up the phone, we understand! Make a bold decision NOW to invest your energy into creating a better version of YOU. Mindtune invites you to chat with us to discover a new beginning. You&#8217;ll meet a guide who provides consistent, virtual instruction on a personal level. We&#8217;ll throw open our doors and give you access to our library of online tools and resources. The curriculum will place you on a personal journey to increase your awareness and unveil buried truths about yourself. We set out on the exploration together, taking it at your pace. Mindtune supports you as you apply these strategies to create incredible results in the midst of uncertainty.\u00a0<\/p>\n\t\t\t<a href=\"http:\/\/mindtunenow.com\/es\/schedule-now\/\" target=\"_self\" rel=\"noopener\">\n\t\t\t\t\t\t\tComienza ahora.\n\t\t\t\t\t<\/a>\n\t\t\t\t<img loading=\"lazy\" decoding=\"async\" src=\"https:\/\/mindtunenow.com\/jjwp\/wp-content\/uploads\/2023\/12\/isolated_tablet_laptop_and_smartphone_composition.png\" alt=\"What you get from a Mindtune Coaching\" itemprop=\"image\" height=\"573\" width=\"880\" title=\"isolated_tablet_laptop_and_smartphone_composition\" onerror=\"this.style.display='none'\"  \/>\n<h2>\n\t\tCurr\u00edculo de Mindtune \n\t<\/h2>\n<h2>\n\t\tEnfoque\n\t<\/h2>\n\t<p>Antes de poder lograr, necesitas saber qu\u00e9 es lo que quieres lograr. Al establecer la base con aspiraciones genuinas, comienzas un viaje con un destino claro.<\/p>\n<p>&nbsp;<\/p>\n<img decoding=\"async\" src=\"https:\/\/mindtunenow.com\/jjwp\/wp-content\/uploads\/2023\/11\/Icon-awesome-check-circle.png\" alt=\"Checkmark\" \/> Define lo que realmente quieres.<br \/>\n<img decoding=\"async\" src=\"https:\/\/mindtunenow.com\/jjwp\/wp-content\/uploads\/2023\/11\/Icon-awesome-check-circle.png\" alt=\"Checkmark\" \/> Recibe las herramientas para ayudarte a tener \u00e9xito.<br \/>\n<img decoding=\"async\" src=\"https:\/\/mindtunenow.com\/jjwp\/wp-content\/uploads\/2023\/11\/Icon-awesome-check-circle.png\" alt=\"Checkmark\" \/> Establece metas oce\u00e1nicas y metas de hitos.<br \/>\n<img decoding=\"async\" src=\"https:\/\/mindtunenow.com\/jjwp\/wp-content\/uploads\/2023\/11\/Icon-awesome-check-circle.png\" alt=\"Checkmark\" \/> Crea tu guion para un mejor yo.\n<h2>\n\t\t Claridad\n\t<\/h2>\n\t<p>Esta secci\u00f3n te dota de herramientas para mantener una mente tranquila. Al hacerlo, accedes a niveles inigualables de perspicacia, garantizando que cada decisi\u00f3n est\u00e9 informada y cada paso tenga un prop\u00f3sito.<\/p>\n<img decoding=\"async\" src=\"https:\/\/mindtunenow.com\/jjwp\/wp-content\/uploads\/2023\/11\/Icon-awesome-check-circle.png\" alt=\"Checkmark\" \/> Aprende a aprovechar el poder de tu subconsciente.<br \/>\n<img decoding=\"async\" src=\"https:\/\/mindtunenow.com\/jjwp\/wp-content\/uploads\/2023\/11\/Icon-awesome-check-circle.png\" alt=\"Checkmark\" \/> Experimenta c\u00f3mo todo en tu vida mejora.<br \/>\n<img decoding=\"async\" src=\"https:\/\/mindtunenow.com\/jjwp\/wp-content\/uploads\/2023\/11\/Icon-awesome-check-circle.png\" alt=\"Checkmark\" \/> Aprende la clave para estar presente.<br \/>\n<img decoding=\"async\" src=\"https:\/\/mindtunenow.com\/jjwp\/wp-content\/uploads\/2023\/11\/Icon-awesome-check-circle.png\" alt=\"Checkmark\" \/> Aprende a vivir desde un nivel superior.\n<h2>\n\t\tConfianza\n\t<\/h2>\n\t<p>\u00a0Esta secci\u00f3n enfatiza una verdad fundamental: T\u00da eres el arquitecto de tu destino. Al apoyarte m\u00e1s en tu poder innato, aprendes a dar forma a tus circunstancias externas desde dentro.\u00a0<\/p>\n<p>&nbsp;<\/p>\n<img decoding=\"async\" src=\"https:\/\/mindtunenow.com\/jjwp\/wp-content\/uploads\/2023\/11\/Icon-awesome-check-circle.png\" alt=\"Checkmark\" \/> Identifica y reemplaza los conceptos falsos que te est\u00e1n frenando.<br \/>\n<img decoding=\"async\" src=\"https:\/\/mindtunenow.com\/jjwp\/wp-content\/uploads\/2023\/11\/Icon-awesome-check-circle.png\" alt=\"Checkmark\" \/> Aprende a lidiar con tus demonios y cambiar tu frecuencia.<br \/>\n<img decoding=\"async\" src=\"https:\/\/mindtunenow.com\/jjwp\/wp-content\/uploads\/2023\/11\/Icon-awesome-check-circle.png\" alt=\"Checkmark\" \/> Con\u00e9ctate a un prop\u00f3sito mayor como tu punto de apoyo.<br \/>\n<img decoding=\"async\" src=\"https:\/\/mindtunenow.com\/jjwp\/wp-content\/uploads\/2023\/11\/Icon-awesome-check-circle.png\" alt=\"Checkmark\" \/> Aprende a tocar ligeramente todo lo dem\u00e1s.\n<h2>\n\t\tFelicidad\n\t<\/h2>\n\t<p>The happiness segment isn&#8217;t a new lesson; it&#8217;s a realization of the principles you&#8217;ve embodied throughout your journey. You learn to repeat the process of unearthing profound self-discoveries and authentic joy.<\/p>\n<p>&nbsp;<\/p>\n<img decoding=\"async\" src=\"https:\/\/mindtunenow.com\/jjwp\/wp-content\/uploads\/2023\/11\/Icon-awesome-check-circle.png\" alt=\"Checkmark\" \/> Aprende el Secreto de la Felicidad<br \/>\n<img decoding=\"async\" src=\"https:\/\/mindtunenow.com\/jjwp\/wp-content\/uploads\/2023\/11\/Icon-awesome-check-circle.png\" alt=\"Checkmark\" \/> Aprende a utilizar y aplicar consistentemente la f\u00f3rmula S.O.N.G. para obtener tus mejores resultados.<br \/>\n<img decoding=\"async\" src=\"https:\/\/mindtunenow.com\/jjwp\/wp-content\/uploads\/2023\/11\/Icon-awesome-check-circle.png\" alt=\"Checkmark\" \/> Descubre un nuevo nivel de control que siempre tienes<br \/>\n<img decoding=\"async\" src=\"https:\/\/mindtunenow.com\/jjwp\/wp-content\/uploads\/2023\/11\/Icon-awesome-check-circle.png\" alt=\"Checkmark\" \/> Aprende y experimenta el poder de Hacia y a Trav\u00e9s\n\t\t\t\t<img loading=\"lazy\" decoding=\"async\" src=\"https:\/\/mindtunenow.com\/jjwp\/wp-content\/uploads\/2023\/12\/What-will-work-best-image.png\" alt=\"What will work best for your schedule?\" itemprop=\"image\" height=\"1126\" width=\"564\" title=\"What will work best image\" onerror=\"this.style.display='none'\"  \/>\n<h2>\n\t\t\u00bfQu\u00e9 est\u00e1 incluido?\n\t<\/h2>\n\t<p><b>Sesiones de coaching uno a uno semanales:<\/b><\/p>\n<p>Cada sesi\u00f3n de coaching es un paso adelante en tu viaje transformador, desbloqueando un crecimiento y potencial sin igual. \u00danete a nosotros y experimenta el cambio.<\/p>\n<p><b>\u00a0<\/b><\/p>\n<p><b>Curso de Innovaci\u00f3n con Prop\u00f3sito (24 semanas):<\/b><\/p>\n<p>Experience deep transformation with the support of our flagship online course. Over six months, under the guidance of a dedicated guide, you&#8217;ll apply Mindtune&#8217;s methodology across diverse life and business scenarios.<\/p>\n<p><b>\u00a0<\/b><\/p>\n<p><b>La Experiencia en Chiapas, M\u00e9xico (4 d\u00edas):<\/b><\/p>\n<p>Embarca en un viaje intensivo de 4 d\u00edas en Chiapas, M\u00e9xico (opcional). Esta experiencia inmersiva, enriquecida por nuestra metodolog\u00eda \u00fanica, fomenta percepciones profundas y v\u00ednculos entre los participantes, a trav\u00e9s de una plataforma que pondr\u00e1 en pr\u00e1ctica todo lo aprendido a lo largo del curso.<\/p>\n<p>\u00a0<\/p>\n\t\t\t<a href=\"http:\/\/mindtunenow.com\/es\/schedule-now\/\" target=\"_self\" rel=\"noopener\">\n\t\t\t\t\t\t\tComienza ahora.\n\t\t\t\t\t<\/a>\n<h2>\n\t\tPreguntas Frecuentes\n\t<\/h2>\n\t\t\t\t\t\t<h5 tabindex=\"0\">\u00bfPuedes explicar el formato y contenido de tu experiencia de coaching uno a uno?<\/h5>\n\t\t\tMindtune&#8217;s one-on-one coaching is a powerful format for gaining deep awareness and improving overall results. Following the same core ideas as group coaching, these personalized sessions with an elite mindset coach cater to individual challenges and follow a structured approach.\n\t\t\t\t\t\t<h5 tabindex=\"0\">\u00bfC\u00f3mo aborda Mindtune a las personas que se sienten emocionalmente bloqueadas o estancadas?<\/h5>\n\t\t\tMindtune muestra una manera sencilla de liberarse del peso mental, ayudando a los clientes a conectarse consigo mismos y tomar decisiones aut\u00e9nticas para el cumplimiento personal y profesional.\n\t\t\t\t\t\t<h5 tabindex=\"0\">\u00bfC\u00f3mo ayuda Mindtune a empresarios y l\u00edderes a superar la carga emocional y la incertidumbre?<\/h5>\n\t\t\tMindtune ayuda a empresarios y l\u00edderes a despejar sus mentes conscientes, permiti\u00e9ndoles conectarse consigo mismos, tomar decisiones aut\u00e9nticas y enfrentar desaf\u00edos de liderazgo manteni\u00e9ndose fieles a s\u00ed mismos.\n\t\t\t\t\t\t<h5 tabindex=\"0\">\u00bfQu\u00e9 servicios espec\u00edficos ofrece Mindtune?<\/h5>\n\t\t\tMindtune ofrece coaching individual, coaching grupal, retiros internacionales, coaching en l\u00ednea, talleres empresariales en vivo y conciertos magistrales. Estos servicios tienen como objetivo ayudar a los clientes a definir lo que realmente quieren y desarrollar habilidades pr\u00e1cticas para vivir en armon\u00eda con estas aspiraciones a sus niveles m\u00e1s altos de capacidad.\n\t\t\t\t\t\t<h5 tabindex=\"0\">\u00bfC\u00f3mo aborda Mindtune el desaf\u00edo global del creciente ruido y sobrecarga mental en el mundo?<\/h5>\n\t\t\tMindtune ofrece estrategias para ayudar a las personas a aclarar sus deseos, enfocarse en lo que realmente importa y restaurar las mentes claras y capaces que ten\u00edan en la infancia.\n\t\t\t\t\t\t<h5 tabindex=\"0\">\u00bfC\u00f3mo puede Mindtune ayudar a lograr una vida con prop\u00f3sito y m\u00e1s satisfactoria?<\/h5>\n\t\t\tMindtune ayuda a los clientes a lograr una vida con prop\u00f3sito y satisfactoria al ayudarles a conectar con su esencia, descubrir su prop\u00f3sito y permanecer conectados con su aut\u00e9ntico yo para obtener resultados mejorados y felicidad.\n<h2>\n\t\t\u00bfListo para crear ese momento que cambiar\u00e1 tu vida?\n\t<\/h2>\n\t<p>Encuentra un coach de apoyo que ofrezca estrategias para el crecimiento personal y el bienestar. Esta expedici\u00f3n nunca debi\u00f3 emprenderse en solitario. Recon\u00e9ctate con tu ser m\u00e1s aut\u00e9ntico y emprende un viaje hacia una mentalidad m\u00e1s saludable y empoderada.\u00a0<\/p>\n<p>&nbsp;<\/p>\n\t\t\t<a href=\"http:\/\/mindtunenow.com\/es\/schedule-now\/\" target=\"_self\" rel=\"noopener\">\n\t\t\t\t\t\t\tComienza ahora.\n\t\t\t\t\t<\/a>","protected":false},"excerpt":{"rendered":"<p>One-On-One Business Coaching You will meet directly with a Mindtune coach to discuss how to improve your focus, clarity, confidence and happiness. Begin Now! One-On-One Business CoachingShows You An Easier Way To: Bring your uniqueness to the surface so that you can see it clearly.\u00a0\u00a0 Connect with those things that make you happy and more&hellip;<\/p>","protected":false},"author":1,"featured_media":0,"parent":0,"menu_order":0,"comment_status":"closed","ping_status":"closed","template":"","meta":{"_monsterinsights_skip_tracking":false,"_monsterinsights_sitenote_active":false,"_monsterinsights_sitenote_note":"","_monsterinsights_sitenote_category":0,"footnotes":""},"class_list":["post-126","page","type-page","status-publish","hentry"],"yoast_head":"<!-- This site is optimized with the Yoast SEO plugin v22.8 - https:\/\/yoast.com\/wordpress\/plugins\/seo\/ -->\n<title>One-on-One Business Coaching | Mindtune<\/title>\n<meta name=\"description\" content=\"Wake up every day excited about a purpose bigger than yourself. Schedule one on one business coaching with Mindtune at (385) 853-1208.\" \/>\n<meta name=\"robots\" content=\"index, follow, max-snippet:-1, max-image-preview:large, max-video-preview:-1\" \/>\n<link rel=\"canonical\" href=\"http:\/\/mindtunenow.com\/es\/one-on-one-business-coaching\/\" \/>\n<meta property=\"og:locale\" content=\"es_MX\" \/>\n<meta property=\"og:type\" content=\"article\" \/>\n<meta property=\"og:title\" content=\"One-on-One Business Coaching | Mindtune\" \/>\n<meta property=\"og:description\" content=\"Wake up every day excited about a purpose bigger than yourself. Schedule one on one business coaching with Mindtune at (385) 853-1208.\" \/>\n<meta property=\"og:url\" content=\"http:\/\/mindtunenow.com\/es\/one-on-one-business-coaching\/\" \/>\n<meta property=\"og:site_name\" content=\"Mindtune\" \/>\n<meta property=\"article:publisher\" content=\"https:\/\/www.facebook.com\/mindtunenow\" \/>\n<meta property=\"article:modified_time\" content=\"2023-12-06T22:27:42+00:00\" \/>\n<meta property=\"og:image\" content=\"https:\/\/mindtunenow.com\/jjwp\/wp-content\/uploads\/2023\/12\/Group-623.png\" \/>\n<meta name=\"twitter:card\" content=\"summary_large_image\" \/>\n<script type=\"application\/ld+json\" class=\"yoast-schema-graph\">{\"@context\":\"https:\/\/schema.org\",\"@graph\":[{\"@type\":\"WebPage\",\"@id\":\"https:\/\/mindtunenow.com\/one-on-one-business-coaching\/\",\"url\":\"https:\/\/mindtunenow.com\/one-on-one-business-coaching\/\",\"name\":\"One-on-One Business Coaching | Mindtune\",\"isPartOf\":{\"@id\":\"https:\/\/mindtunenow.com\/#website\"},\"primaryImageOfPage\":{\"@id\":\"https:\/\/mindtunenow.com\/one-on-one-business-coaching\/#primaryimage\"},\"image\":{\"@id\":\"https:\/\/mindtunenow.com\/one-on-one-business-coaching\/#primaryimage\"},\"thumbnailUrl\":\"https:\/\/mindtunenow.com\/jjwp\/wp-content\/uploads\/2023\/12\/Group-623.png\",\"datePublished\":\"2023-10-24T15:04:42+00:00\",\"dateModified\":\"2023-12-06T22:27:42+00:00\",\"description\":\"Wake up every day excited about a purpose bigger than yourself. Schedule one on one business coaching with Mindtune at (385) 853-1208.\",\"breadcrumb\":{\"@id\":\"https:\/\/mindtunenow.com\/one-on-one-business-coaching\/#breadcrumb\"},\"inLanguage\":\"es\",\"potentialAction\":[{\"@type\":\"ReadAction\",\"target\":[\"https:\/\/mindtunenow.com\/one-on-one-business-coaching\/\"]}]},{\"@type\":\"ImageObject\",\"inLanguage\":\"es\",\"@id\":\"https:\/\/mindtunenow.com\/one-on-one-business-coaching\/#primaryimage\",\"url\":\"https:\/\/mindtunenow.com\/jjwp\/wp-content\/uploads\/2023\/12\/Group-623.png\",\"contentUrl\":\"https:\/\/mindtunenow.com\/jjwp\/wp-content\/uploads\/2023\/12\/Group-623.png\"},{\"@type\":\"BreadcrumbList\",\"@id\":\"https:\/\/mindtunenow.com\/one-on-one-business-coaching\/#breadcrumb\",\"itemListElement\":[{\"@type\":\"ListItem\",\"position\":1,\"name\":\"Home\",\"item\":\"https:\/\/mindtunenow.com\/\"},{\"@type\":\"ListItem\",\"position\":2,\"name\":\"One-on-One Coaching\"}]},{\"@type\":\"WebSite\",\"@id\":\"https:\/\/mindtunenow.com\/#website\",\"url\":\"https:\/\/mindtunenow.com\/\",\"name\":\"Mindtune\",\"description\":\"Quiet Your Mental Critic. Reconnect To Your TRUE Self.\",\"publisher\":{\"@id\":\"https:\/\/mindtunenow.com\/#organization\"},\"potentialAction\":[{\"@type\":\"SearchAction\",\"target\":{\"@type\":\"EntryPoint\",\"urlTemplate\":\"https:\/\/mindtunenow.com\/?s={search_term_string}\"},\"query-input\":\"required name=search_term_string\"}],\"inLanguage\":\"es\"},{\"@type\":\"Organization\",\"@id\":\"https:\/\/mindtunenow.com\/#organization\",\"name\":\"Mindtune\",\"url\":\"https:\/\/mindtunenow.com\/\",\"logo\":{\"@type\":\"ImageObject\",\"inLanguage\":\"es\",\"@id\":\"https:\/\/mindtunenow.com\/#\/schema\/logo\/image\/\",\"url\":\"https:\/\/mindtunenow.com\/jjwp\/wp-content\/uploads\/2023\/12\/Group-623.png\",\"contentUrl\":\"https:\/\/mindtunenow.com\/jjwp\/wp-content\/uploads\/2023\/12\/Group-623.png\",\"width\":892,\"height\":1004,\"caption\":\"Mindtune\"},\"image\":{\"@id\":\"https:\/\/mindtunenow.com\/#\/schema\/logo\/image\/\"},\"sameAs\":[\"https:\/\/www.facebook.com\/mindtunenow\",\"https:\/\/www.youtube.com\/@mindtunenow\",\"https:\/\/www.instagram.com\/marcoallopez\",\"https:\/\/www.linkedin.com\/in\/entrepreneur-mindset-coach\/\"]}]}<\/script>\n<!-- \/ Yoast SEO plugin. -->","yoast_head_json":{"title":"One-on-One Business Coaching | Mindtune","description":"Wake up every day excited about a purpose bigger than yourself. Schedule one on one business coaching with Mindtune at (385) 853-1208.","robots":{"index":"index","follow":"follow","max-snippet":"max-snippet:-1","max-image-preview":"max-image-preview:large","max-video-preview":"max-video-preview:-1"},"canonical":"http:\/\/mindtunenow.com\/es\/one-on-one-business-coaching\/","og_locale":"es_MX","og_type":"article","og_title":"One-on-One Business Coaching | Mindtune","og_description":"Wake up every day excited about a purpose bigger than yourself. Schedule one on one business coaching with Mindtune at (385) 853-1208.","og_url":"http:\/\/mindtunenow.com\/es\/one-on-one-business-coaching\/","og_site_name":"Mindtune","article_publisher":"https:\/\/www.facebook.com\/mindtunenow","article_modified_time":"2023-12-06T22:27:42+00:00","og_image":[{"url":"https:\/\/mindtunenow.com\/jjwp\/wp-content\/uploads\/2023\/12\/Group-623.png"}],"twitter_card":"summary_large_image","schema":{"@context":"https:\/\/schema.org","@graph":[{"@type":"WebPage","@id":"https:\/\/mindtunenow.com\/one-on-one-business-coaching\/","url":"https:\/\/mindtunenow.com\/one-on-one-business-coaching\/","name":"One-on-One Business Coaching | Mindtune","isPartOf":{"@id":"https:\/\/mindtunenow.com\/#website"},"primaryImageOfPage":{"@id":"https:\/\/mindtunenow.com\/one-on-one-business-coaching\/#primaryimage"},"image":{"@id":"https:\/\/mindtunenow.com\/one-on-one-business-coaching\/#primaryimage"},"thumbnailUrl":"https:\/\/mindtunenow.com\/jjwp\/wp-content\/uploads\/2023\/12\/Group-623.png","datePublished":"2023-10-24T15:04:42+00:00","dateModified":"2023-12-06T22:27:42+00:00","description":"Wake up every day excited about a purpose bigger than yourself. Schedule one on one business coaching with Mindtune at (385) 853-1208.","breadcrumb":{"@id":"https:\/\/mindtunenow.com\/one-on-one-business-coaching\/#breadcrumb"},"inLanguage":"es","potentialAction":[{"@type":"ReadAction","target":["https:\/\/mindtunenow.com\/one-on-one-business-coaching\/"]}]},{"@type":"ImageObject","inLanguage":"es","@id":"https:\/\/mindtunenow.com\/one-on-one-business-coaching\/#primaryimage","url":"https:\/\/mindtunenow.com\/jjwp\/wp-content\/uploads\/2023\/12\/Group-623.png","contentUrl":"https:\/\/mindtunenow.com\/jjwp\/wp-content\/uploads\/2023\/12\/Group-623.png"},{"@type":"BreadcrumbList","@id":"https:\/\/mindtunenow.com\/one-on-one-business-coaching\/#breadcrumb","itemListElement":[{"@type":"ListItem","position":1,"name":"Home","item":"https:\/\/mindtunenow.com\/"},{"@type":"ListItem","position":2,"name":"One-on-One Coaching"}]},{"@type":"WebSite","@id":"https:\/\/mindtunenow.com\/#website","url":"https:\/\/mindtunenow.com\/","name":"Mindtune","description":"Quiet Your Mental Critic. Reconnect To Your TRUE Self.","publisher":{"@id":"https:\/\/mindtunenow.com\/#organization"},"potentialAction":[{"@type":"SearchAction","target":{"@type":"EntryPoint","urlTemplate":"https:\/\/mindtunenow.com\/?s={search_term_string}"},"query-input":"required name=search_term_string"}],"inLanguage":"es"},{"@type":"Organization","@id":"https:\/\/mindtunenow.com\/#organization","name":"Mindtune","url":"https:\/\/mindtunenow.com\/","logo":{"@type":"ImageObject","inLanguage":"es","@id":"https:\/\/mindtunenow.com\/#\/schema\/logo\/image\/","url":"https:\/\/mindtunenow.com\/jjwp\/wp-content\/uploads\/2023\/12\/Group-623.png","contentUrl":"https:\/\/mindtunenow.com\/jjwp\/wp-content\/uploads\/2023\/12\/Group-623.png","width":892,"height":1004,"caption":"Mindtune"},"image":{"@id":"https:\/\/mindtunenow.com\/#\/schema\/logo\/image\/"},"sameAs":["https:\/\/www.facebook.com\/mindtunenow","https:\/\/www.youtube.com\/@mindtunenow","https:\/\/www.instagram.com\/marcoallopez","https:\/\/www.linkedin.com\/in\/entrepreneur-mindset-coach\/"]}]}},"_links":{"self":[{"href":"http:\/\/mindtunenow.com\/es\/wp-json\/wp\/v2\/pages\/126","targetHints":{"allow":["GET"]}}],"collection":[{"href":"http:\/\/mindtunenow.com\/es\/wp-json\/wp\/v2\/pages"}],"about":[{"href":"http:\/\/mindtunenow.com\/es\/wp-json\/wp\/v2\/types\/page"}],"author":[{"embeddable":true,"href":"http:\/\/mindtunenow.com\/es\/wp-json\/wp\/v2\/users\/1"}],"replies":[{"embeddable":true,"href":"http:\/\/mindtunenow.com\/es\/wp-json\/wp\/v2\/comments?post=126"}],"version-history":[{"count":38,"href":"http:\/\/mindtunenow.com\/es\/wp-json\/wp\/v2\/pages\/126\/revisions"}],"predecessor-version":[{"id":622,"href":"http:\/\/mindtunenow.com\/es\/wp-json\/wp\/v2\/pages\/126\/revisions\/622"}],"wp:attachment":[{"href":"http:\/\/mindtunenow.com\/es\/wp-json\/wp\/v2\/media?parent=126"}],"curies":[{"name":"wp","href":"https:\/\/api.w.org\/{rel}","templated":true}]}}